{"id":106,"date":"2025-09-09T20:40:34","date_gmt":"2025-09-09T18:40:34","guid":{"rendered":"https:\/\/nerviafinance.com\/?page_id=106"},"modified":"2025-11-06T20:50:03","modified_gmt":"2025-11-06T19:50:03","slug":"declaracion-de-accesibilidad","status":"publish","type":"page","link":"https:\/\/nerviafinance.com\/en\/declaracion-de-accesibilidad\/","title":{"rendered":"Accessibility Statement"},"content":{"rendered":"<div data-elementor-type=\"wp-page\" data-elementor-id=\"106\" class=\"elementor elementor-106\" data-elementor-post-type=\"page\">\n\t\t\t\t<div class=\"elementor-element elementor-element-4d43add e-flex e-con-boxed e-con e-parent\" data-id=\"4d43add\" data-element_type=\"container\" data-settings=\"{&quot;background_background&quot;:&quot;classic&quot;}\">\n\t\t\t\t\t<div class=\"e-con-inner\">\n\t\t\t\t<div class=\"elementor-element elementor-element-d58cf42 elementor-widget elementor-widget-heading\" data-id=\"d58cf42\" data-element_type=\"widget\" data-widget_type=\"heading.default\">\n\t\t\t\t\t<h2 class=\"elementor-heading-title elementor-size-default\">Accessibility Statement<\/h2>\t\t\t\t<\/div>\n\t\t\t\t\t<\/div>\n\t\t\t\t<\/div>\n\t\t<div class=\"elementor-element elementor-element-4c90265 e-flex e-con-boxed e-con e-parent\" data-id=\"4c90265\" data-element_type=\"container\">\n\t\t\t\t\t<div class=\"e-con-inner\">\n\t\t\t\t<div class=\"elementor-element elementor-element-ead9296 elementor-widget elementor-widget-text-editor\" data-id=\"ead9296\" data-element_type=\"widget\" data-widget_type=\"text-editor.default\">\n\t\t\t\t\t\t\t\t\t<p data-start=\"109\" data-end=\"355\"><strong>Nervia Finance<\/strong> est\u00e1 comprometido en garantizar la accesibilidad digital para las personas con discapacidad. Estamos trabajando constantemente para mejorar la experiencia de usuario para todos y aplicar los est\u00e1ndares de accesibilidad correspondientes.<\/p><h4 data-start=\"357\" data-end=\"383\">Estado de conformidad<\/h4><p data-start=\"384\" data-end=\"640\">Las Directrices de Accesibilidad para el Contenido Web (WCAG) definen los requisitos que permiten a dise\u00f1adores y desarrolladores mejorar la accesibilidad para las personas con discapacidad. Establecen tres niveles de conformidad: nivel A, nivel AA y nivel AAA.<\/p><p data-start=\"642\" data-end=\"874\"><strong>Nervia Finance<\/strong> realiza esfuerzos constantes para mejorar la accesibilidad de su sitio web y de sus servicios, desde la convicci\u00f3n de que es una obligaci\u00f3n moral colectiva garantizar un uso accesible, fluido y sin barreras para todos.<\/p><p data-start=\"876\" data-end=\"1171\">Nuestro objetivo es que todas las p\u00e1ginas y contenidos de\u00a0<strong data-start=\"940\" data-end=\"954\">nerviafinanace.com<\/strong>\u00a0sean accesibles. No obstante, es posible que algunos contenidos a\u00fan no cumplan completamente con los est\u00e1ndares de accesibilidad m\u00e1s altos, debido a las dificultades para identificar la soluci\u00f3n tecnol\u00f3gica m\u00e1s adecuada.<\/p><p data-start=\"1173\" data-end=\"1298\">Esta declaraci\u00f3n puede ser revisada peri\u00f3dicamente para reflejar mejoras o cambios en nuestras pr\u00e1cticas de accesibilidad.<\/p><h4 data-start=\"1300\" data-end=\"1318\">Sugerencias<\/h4><p data-start=\"1319\" data-end=\"1482\">Agradecemos cualquier comentario sobre la accesibilidad del sitio web de <strong>Nervia Finance<\/strong> . Si detectas alguna barrera de accesibilidad, por favor, h\u00e1znoslo saber:<\/p><p data-start=\"1484\" data-end=\"1530\"><strong data-start=\"1484\" data-end=\"1506\">Correo electr\u00f3nico<\/strong> info@nerviafinance.com<\/p><p data-start=\"1611\" data-end=\"1660\">Esta declaraci\u00f3n fue creada el d\u00eda 27\/10\/2025<\/p>\t\t\t\t\t\t\t\t<\/div>\n\t\t\t\t\t<\/div>\n\t\t\t\t<\/div>\n\t\t\t\t<\/div>","protected":false},"excerpt":{"rendered":"<p>Declaraci\u00f3n de accesibilidad Nervia Finance est\u00e1 comprometido en garantizar la accesibilidad digital para las personas con discapacidad. Estamos trabajando constantemente para mejorar la experiencia de usuario para todos y aplicar los est\u00e1ndares de accesibilidad correspondientes. Estado de conformidad Las Directrices de Accesibilidad para el Contenido Web (WCAG) definen los requisitos que permiten a dise\u00f1adores y [&hellip;]<\/p>","protected":false},"author":2,"featured_media":0,"parent":0,"menu_order":0,"comment_status":"closed","ping_status":"closed","template":"elementor_header_footer","meta":{"footnotes":""},"class_list":["post-106","page","type-page","status-publish","hentry"],"yoast_head":"<!-- This site is optimized with the Yoast SEO plugin v25.8 - https:\/\/yoast.com\/wordpress\/plugins\/seo\/ -->\n<title>Declaraci\u00f3n de accesibilidad - Nervia Finance<\/title>\n<meta name=\"robots\" content=\"index, follow, max-snippet:-1, max-image-preview:large, max-video-preview:-1\" \/>\n<link rel=\"canonical\" href=\"https:\/\/nerviafinance.com\/en\/declaracion-de-accesibilidad\/\" \/>\n<meta property=\"og:locale\" content=\"en_GB\" \/>\n<meta property=\"og:type\" content=\"article\" \/>\n<meta property=\"og:title\" content=\"Declaraci\u00f3n de accesibilidad - Nervia Finance\" \/>\n<meta property=\"og:description\" content=\"Declaraci\u00f3n de accesibilidad Nervia Finance est\u00e1 comprometido en garantizar la accesibilidad digital para las personas con discapacidad. Estamos trabajando constantemente para mejorar la experiencia de usuario para todos y aplicar los est\u00e1ndares de accesibilidad correspondientes. Estado de conformidad Las Directrices de Accesibilidad para el Contenido Web (WCAG) definen los requisitos que permiten a dise\u00f1adores y [&hellip;]\" \/>\n<meta property=\"og:url\" content=\"https:\/\/nerviafinance.com\/en\/declaracion-de-accesibilidad\/\" \/>\n<meta property=\"og:site_name\" content=\"Nervia Finance\" \/>\n<meta property=\"article:modified_time\" content=\"2025-11-06T19:50:03+00:00\" \/>\n<meta name=\"twitter:card\" content=\"summary_large_image\" \/>\n<meta name=\"twitter:label1\" content=\"Estimated reading time\" \/>\n\t<meta name=\"twitter:data1\" content=\"1 minute\" \/>\n<script type=\"application\/ld+json\" class=\"yoast-schema-graph\">{\"@context\":\"https:\/\/schema.org\",\"@graph\":[{\"@type\":\"WebPage\",\"@id\":\"https:\/\/nerviafinance.com\/declaracion-de-accesibilidad\/\",\"url\":\"https:\/\/nerviafinance.com\/declaracion-de-accesibilidad\/\",\"name\":\"Declaraci\u00f3n de accesibilidad - Nervia Finance\",\"isPartOf\":{\"@id\":\"https:\/\/nerviafinance.com\/#website\"},\"datePublished\":\"2025-09-09T18:40:34+00:00\",\"dateModified\":\"2025-11-06T19:50:03+00:00\",\"breadcrumb\":{\"@id\":\"https:\/\/nerviafinance.com\/declaracion-de-accesibilidad\/#breadcrumb\"},\"inLanguage\":\"en-GB\",\"potentialAction\":[{\"@type\":\"ReadAction\",\"target\":[\"https:\/\/nerviafinance.com\/declaracion-de-accesibilidad\/\"]}]},{\"@type\":\"BreadcrumbList\",\"@id\":\"https:\/\/nerviafinance.com\/declaracion-de-accesibilidad\/#breadcrumb\",\"itemListElement\":[{\"@type\":\"ListItem\",\"position\":1,\"name\":\"Portada\",\"item\":\"https:\/\/nerviafinance.com\/\"},{\"@type\":\"ListItem\",\"position\":2,\"name\":\"Declaraci\u00f3n de accesibilidad\"}]},{\"@type\":\"WebSite\",\"@id\":\"https:\/\/nerviafinance.com\/#website\",\"url\":\"https:\/\/nerviafinance.com\/\",\"name\":\"Nervia Finance\",\"description\":\"\",\"publisher\":{\"@id\":\"https:\/\/nerviafinance.com\/#organization\"},\"potentialAction\":[{\"@type\":\"SearchAction\",\"target\":{\"@type\":\"EntryPoint\",\"urlTemplate\":\"https:\/\/nerviafinance.com\/?s={search_term_string}\"},\"query-input\":{\"@type\":\"PropertyValueSpecification\",\"valueRequired\":true,\"valueName\":\"search_term_string\"}}],\"inLanguage\":\"en-GB\"},{\"@type\":\"Organization\",\"@id\":\"https:\/\/nerviafinance.com\/#organization\",\"name\":\"Nervia Finance\",\"url\":\"https:\/\/nerviafinance.com\/\",\"logo\":{\"@type\":\"ImageObject\",\"inLanguage\":\"en-GB\",\"@id\":\"https:\/\/nerviafinance.com\/#\/schema\/logo\/image\/\",\"url\":\"https:\/\/nerviafinance.com\/wp-content\/uploads\/2025\/09\/nevia-finance-full@3x.png\",\"contentUrl\":\"https:\/\/nerviafinance.com\/wp-content\/uploads\/2025\/09\/nevia-finance-full@3x.png\",\"width\":525,\"height\":346,\"caption\":\"Nervia Finance\"},\"image\":{\"@id\":\"https:\/\/nerviafinance.com\/#\/schema\/logo\/image\/\"}}]}<\/script>\n<!-- \/ Yoast SEO plugin. -->","yoast_head_json":{"title":"Declaraci\u00f3n de accesibilidad - Nervia Finance","robots":{"index":"index","follow":"follow","max-snippet":"max-snippet:-1","max-image-preview":"max-image-preview:large","max-video-preview":"max-video-preview:-1"},"canonical":"https:\/\/nerviafinance.com\/en\/declaracion-de-accesibilidad\/","og_locale":"en_GB","og_type":"article","og_title":"Declaraci\u00f3n de accesibilidad - Nervia Finance","og_description":"Declaraci\u00f3n de accesibilidad Nervia Finance est\u00e1 comprometido en garantizar la accesibilidad digital para las personas con discapacidad. Estamos trabajando constantemente para mejorar la experiencia de usuario para todos y aplicar los est\u00e1ndares de accesibilidad correspondientes. Estado de conformidad Las Directrices de Accesibilidad para el Contenido Web (WCAG) definen los requisitos que permiten a dise\u00f1adores y [&hellip;]","og_url":"https:\/\/nerviafinance.com\/en\/declaracion-de-accesibilidad\/","og_site_name":"Nervia Finance","article_modified_time":"2025-11-06T19:50:03+00:00","twitter_card":"summary_large_image","twitter_misc":{"Estimated reading time":"1 minute"},"schema":{"@context":"https:\/\/schema.org","@graph":[{"@type":"WebPage","@id":"https:\/\/nerviafinance.com\/declaracion-de-accesibilidad\/","url":"https:\/\/nerviafinance.com\/declaracion-de-accesibilidad\/","name":"Declaraci\u00f3n de accesibilidad - Nervia Finance","isPartOf":{"@id":"https:\/\/nerviafinance.com\/#website"},"datePublished":"2025-09-09T18:40:34+00:00","dateModified":"2025-11-06T19:50:03+00:00","breadcrumb":{"@id":"https:\/\/nerviafinance.com\/declaracion-de-accesibilidad\/#breadcrumb"},"inLanguage":"en-GB","potentialAction":[{"@type":"ReadAction","target":["https:\/\/nerviafinance.com\/declaracion-de-accesibilidad\/"]}]},{"@type":"BreadcrumbList","@id":"https:\/\/nerviafinance.com\/declaracion-de-accesibilidad\/#breadcrumb","itemListElement":[{"@type":"ListItem","position":1,"name":"Portada","item":"https:\/\/nerviafinance.com\/"},{"@type":"ListItem","position":2,"name":"Declaraci\u00f3n de accesibilidad"}]},{"@type":"WebSite","@id":"https:\/\/nerviafinance.com\/#website","url":"https:\/\/nerviafinance.com\/","name":"Nervia Finance","description":"","publisher":{"@id":"https:\/\/nerviafinance.com\/#organization"},"potentialAction":[{"@type":"SearchAction","target":{"@type":"EntryPoint","urlTemplate":"https:\/\/nerviafinance.com\/?s={search_term_string}"},"query-input":{"@type":"PropertyValueSpecification","valueRequired":true,"valueName":"search_term_string"}}],"inLanguage":"en-GB"},{"@type":"Organization","@id":"https:\/\/nerviafinance.com\/#organization","name":"Nervia Finance","url":"https:\/\/nerviafinance.com\/","logo":{"@type":"ImageObject","inLanguage":"en-GB","@id":"https:\/\/nerviafinance.com\/#\/schema\/logo\/image\/","url":"https:\/\/nerviafinance.com\/wp-content\/uploads\/2025\/09\/nevia-finance-full@3x.png","contentUrl":"https:\/\/nerviafinance.com\/wp-content\/uploads\/2025\/09\/nevia-finance-full@3x.png","width":525,"height":346,"caption":"Nervia Finance"},"image":{"@id":"https:\/\/nerviafinance.com\/#\/schema\/logo\/image\/"}}]}},"_links":{"self":[{"href":"https:\/\/nerviafinance.com\/en\/wp-json\/wp\/v2\/pages\/106","targetHints":{"allow":["GET"]}}],"collection":[{"href":"https:\/\/nerviafinance.com\/en\/wp-json\/wp\/v2\/pages"}],"about":[{"href":"https:\/\/nerviafinance.com\/en\/wp-json\/wp\/v2\/types\/page"}],"author":[{"embeddable":true,"href":"https:\/\/nerviafinance.com\/en\/wp-json\/wp\/v2\/users\/2"}],"replies":[{"embeddable":true,"href":"https:\/\/nerviafinance.com\/en\/wp-json\/wp\/v2\/comments?post=106"}],"version-history":[{"count":7,"href":"https:\/\/nerviafinance.com\/en\/wp-json\/wp\/v2\/pages\/106\/revisions"}],"predecessor-version":[{"id":612,"href":"https:\/\/nerviafinance.com\/en\/wp-json\/wp\/v2\/pages\/106\/revisions\/612"}],"wp:attachment":[{"href":"https:\/\/nerviafinance.com\/en\/wp-json\/wp\/v2\/media?parent=106"}],"curies":[{"name":"wp","href":"https:\/\/api.w.org\/{rel}","templated":true}]}}