{"id":53,"date":"2025-09-09T15:52:33","date_gmt":"2025-09-09T13:52:33","guid":{"rendered":"https:\/\/nerviafinance.com\/?page_id=53"},"modified":"2025-10-24T11:34:07","modified_gmt":"2025-10-24T09:34:07","slug":"contacto","status":"publish","type":"page","link":"https:\/\/nerviafinance.com\/en\/contacto\/","title":{"rendered":"Contact"},"content":{"rendered":"<div data-elementor-type=\"wp-page\" data-elementor-id=\"53\" class=\"elementor elementor-53\" data-elementor-post-type=\"page\">\n\t\t\t\t<div class=\"elementor-element elementor-element-1fb3e078 e-flex e-con-boxed e-con e-parent\" data-id=\"1fb3e078\" data-element_type=\"container\" data-settings=\"{&quot;background_background&quot;:&quot;classic&quot;}\">\n\t\t\t\t\t<div class=\"e-con-inner\">\n\t\t\t\t<div class=\"elementor-element elementor-element-347a78b1 elementor-widget elementor-widget-heading\" data-id=\"347a78b1\" data-element_type=\"widget\" data-widget_type=\"heading.default\">\n\t\t\t\t\t<h2 class=\"elementor-heading-title elementor-size-default\">Contact<\/h2>\t\t\t\t<\/div>\n\t\t\t\t<div class=\"elementor-element elementor-element-2175643e elementor-widget elementor-widget-text-editor\" data-id=\"2175643e\" data-element_type=\"widget\" data-widget_type=\"text-editor.default\">\n\t\t\t\t\t\t\t\t\t<p><a href=\"https:\/\/nerviafinance.com\/en\/\">Home<\/a> \/ Contact<\/p>\t\t\t\t\t\t\t\t<\/div>\n\t\t\t\t\t<\/div>\n\t\t\t\t<\/div>\n\t\t<div class=\"elementor-element elementor-element-57ee5581 e-flex e-con-boxed e-con e-parent\" data-id=\"57ee5581\" data-element_type=\"container\">\n\t\t\t\t\t<div class=\"e-con-inner\">\n\t\t<div class=\"elementor-element elementor-element-cce8484 e-con-full animated-slow e-flex e-con e-child\" data-id=\"cce8484\" data-element_type=\"container\" data-settings=\"{&quot;animation&quot;:&quot;none&quot;}\">\n\t\t\t\t<div class=\"elementor-element elementor-element-9c9d4d8 elementor-widget elementor-widget-heading\" data-id=\"9c9d4d8\" data-element_type=\"widget\" data-widget_type=\"heading.default\">\n\t\t\t\t\t<h3 class=\"elementor-heading-title elementor-size-default\">The first step toward clearer, more strategic financial management starts here.<\/h3>\t\t\t\t<\/div>\n\t\t\t\t<div class=\"elementor-element elementor-element-5ad8e81 elementor-button-align-stretch elementor-widget elementor-widget-form\" data-id=\"5ad8e81\" data-element_type=\"widget\" data-settings=\"{&quot;button_width&quot;:&quot;33&quot;,&quot;step_next_label&quot;:&quot;Siguiente&quot;,&quot;step_previous_label&quot;:&quot;Anterior&quot;,&quot;step_type&quot;:&quot;number_text&quot;,&quot;step_icon_shape&quot;:&quot;circle&quot;}\" data-widget_type=\"form.default\">\n\t\t\t\t\t\t\t<form class=\"elementor-form\" method=\"post\" name=\"Nuevo formulario\" aria-label=\"Nuevo formulario\" action=\"\">\n\t\t\t<input type=\"hidden\" name=\"post_id\" value=\"53\"\/>\n\t\t\t<input type=\"hidden\" name=\"form_id\" value=\"5ad8e81\"\/>\n\t\t\t<input type=\"hidden\" name=\"referer_title\" value=\"Contacto - Nervia Finance\" \/>\n\n\t\t\t\t\t\t\t<input type=\"hidden\" name=\"queried_id\" value=\"53\"\/>\n\t\t\t\n\t\t\t<div class=\"elementor-form-fields-wrapper elementor-labels-above\">\n\t\t\t\t\t\t\t\t<div class=\"elementor-field-type-text elementor-field-group elementor-column elementor-field-group-name elementor-col-100 elementor-field-required elementor-mark-required\">\n\t\t\t\t\t\t\t\t\t\t\t\t<label for=\"form-field-name\" class=\"elementor-field-label\">\n\t\t\t\t\t\t\t\tName\t\t\t\t\t\t\t<\/label>\n\t\t\t\t\t\t\t\t\t\t\t\t\t\t<input size=\"1\" type=\"text\" name=\"form_fields[name]\" id=\"form-field-name\" class=\"elementor-field elementor-size-sm  elementor-field-textual\" required=\"required\">\n\t\t\t\t\t\t\t\t\t\t\t<\/div>\n\t\t\t\t\t\t\t\t<div class=\"elementor-field-type-email elementor-field-group elementor-column elementor-field-group-email elementor-col-100 elementor-field-required elementor-mark-required\">\n\t\t\t\t\t\t\t\t\t\t\t\t<label for=\"form-field-email\" class=\"elementor-field-label\">\n\t\t\t\t\t\t\t\tEmail\t\t\t\t\t\t\t<\/label>\n\t\t\t\t\t\t\t\t\t\t\t\t\t\t<input size=\"1\" type=\"email\" name=\"form_fields[email]\" id=\"form-field-email\" class=\"elementor-field elementor-size-sm  elementor-field-textual\" required=\"required\">\n\t\t\t\t\t\t\t\t\t\t\t<\/div>\n\t\t\t\t\t\t\t\t<div class=\"elementor-field-type-textarea elementor-field-group elementor-column elementor-field-group-message elementor-col-100 elementor-field-required elementor-mark-required\">\n\t\t\t\t\t\t\t\t\t\t\t\t<label for=\"form-field-message\" class=\"elementor-field-label\">\n\t\t\t\t\t\t\t\tMessage\t\t\t\t\t\t\t<\/label>\n\t\t\t\t\t\t<textarea class=\"elementor-field-textual elementor-field  elementor-size-sm\" name=\"form_fields[message]\" id=\"form-field-message\" rows=\"8\" required=\"required\"><\/textarea>\t\t\t\t<\/div>\n\t\t\t\t\t\t\t\t<div class=\"elementor-field-type-acceptance elementor-field-group elementor-column elementor-field-group-field_3ef029e elementor-col-100 elementor-field-required elementor-mark-required\">\n\t\t\t\t\t\t\t<div class=\"elementor-field-subgroup\">\n\t\t\t<span class=\"elementor-field-option\">\n\t\t\t\t<input type=\"checkbox\" name=\"form_fields[field_3ef029e]\" id=\"form-field-field_3ef029e\" class=\"elementor-field elementor-size-sm  elementor-acceptance-field\" required=\"required\">\n\t\t\t\t<label for=\"form-field-field_3ef029e\">I ACCEPT THE PRIVACY POLICY<br>For the purposes set forth in the General Data Protection Regulation (GDPR), you are hereby informed that the personal data you provide through this form will be incorporated into a Nervia Finance file. You can find detailed information in our Legal Notice and Privacy Policy.<\/label>\t\t\t<\/span>\n\t\t<\/div>\n\t\t\t\t\t\t<\/div>\n\t\t\t\t\t\t\t\t<div class=\"elementor-field-type-recaptcha_v3 elementor-field-group elementor-column elementor-field-group-field_37a1e5c elementor-col-100 recaptcha_v3-bottomright\">\n\t\t\t\t\t<div class=\"elementor-field\" id=\"form-field-field_37a1e5c\"><div class=\"elementor-g-recaptcha\" data-sitekey=\"6Lcv-uorAAAAAIqqyKx10utoNQ5kLaKoaaa67ytT\" data-type=\"v3\" data-action=\"Form\" data-badge=\"bottomright\" data-size=\"invisible\"><\/div><\/div>\t\t\t\t<\/div>\n\t\t\t\t\t\t\t\t<div class=\"elementor-field-group elementor-column elementor-field-type-submit elementor-col-33 e-form__buttons\">\n\t\t\t\t\t<button class=\"elementor-button elementor-size-sm\" type=\"submit\">\n\t\t\t\t\t\t<span class=\"elementor-button-content-wrapper\">\n\t\t\t\t\t\t\t\t\t\t\t\t\t\t\t\t\t\t\t\t\t\t<span class=\"elementor-button-text\">Send<\/span>\n\t\t\t\t\t\t\t\t\t\t\t\t\t<\/span>\n\t\t\t\t\t<\/button>\n\t\t\t\t<\/div>\n\t\t\t<\/div>\n\t\t<input type=\"hidden\" name=\"trp-form-language\" value=\"en\"\/><\/form>\n\t\t\t\t\t\t<\/div>\n\t\t\t\t<\/div>\n\t\t<div class=\"elementor-element elementor-element-6c188cbf e-con-full e-flex e-con e-child\" data-id=\"6c188cbf\" data-element_type=\"container\">\n\t\t\t\t<div class=\"elementor-element elementor-element-26c4bc8c animated-slow elementor-widget elementor-widget-heading\" data-id=\"26c4bc8c\" data-element_type=\"widget\" data-settings=\"{&quot;_animation&quot;:&quot;none&quot;}\" data-widget_type=\"heading.default\">\n\t\t\t\t\t<h3 class=\"elementor-heading-title elementor-size-default\">Let\u2019s talk about your business<\/h3>\t\t\t\t<\/div>\n\t\t\t\t<div class=\"elementor-element elementor-element-3415921a elementor-widget elementor-widget-text-editor\" data-id=\"3415921a\" data-element_type=\"widget\" data-widget_type=\"text-editor.default\">\n\t\t\t\t\t\t\t\t\t<p>At Nervia Finance, we understand that every company faces unique challenges. That\u2019s why we offer direct, professional, and fully tailored support. Fill out the form and tell us where your business stands \u2014 we\u2019ll analyze your situation and respond promptly to help you make informed, confident decisions.<\/p>\t\t\t\t\t\t\t\t<\/div>\n\t\t\t\t<div class=\"elementor-element elementor-element-132034ac elementor-position-left elementor-mobile-position-left elementor-view-default elementor-widget elementor-widget-icon-box\" data-id=\"132034ac\" data-element_type=\"widget\" data-widget_type=\"icon-box.default\">\n\t\t\t\t\t\t\t<div class=\"elementor-icon-box-wrapper\">\n\n\t\t\t\t\t\t<div class=\"elementor-icon-box-icon\">\n\t\t\t\t<span  class=\"elementor-icon\">\n\t\t\t\t<i aria-hidden=\"true\" class=\"icon icon-email\"><\/i>\t\t\t\t<\/span>\n\t\t\t<\/div>\n\t\t\t\n\t\t\t\t\t\t<div class=\"elementor-icon-box-content\">\n\n\t\t\t\t\t\t\t\t\t<h4 class=\"elementor-icon-box-title\">\n\t\t\t\t\t\t<span  >\n\t\t\t\t\t\t\tcontroller@nerviafinance.com\t\t\t\t\t\t<\/span>\n\t\t\t\t\t<\/h4>\n\t\t\t\t\n\t\t\t\t\n\t\t\t<\/div>\n\t\t\t\n\t\t<\/div>\n\t\t\t\t\t\t<\/div>\n\t\t\t\t<\/div>\n\t\t\t\t\t<\/div>\n\t\t\t\t<\/div>\n\t\t\t\t<\/div>","protected":false},"excerpt":{"rendered":"<p>Contacto Inicio \/ Contacto El primer paso hacia una gesti\u00f3n financiera m\u00e1s clara y estrat\u00e9gica comienza aqu\u00ed. Hablemos de tu empresa En Nervia Finance sabemos que cada empresa tiene retos \u00fanicos. Por eso, ofrecemos un trato directo, profesional y adaptado a tus necesidades. Completa el formulario y cu\u00e9ntanos en qu\u00e9 punto se encuentra tu negocio: [&hellip;]<\/p>","protected":false},"author":2,"featured_media":0,"parent":0,"menu_order":0,"comment_status":"closed","ping_status":"closed","template":"elementor_header_footer","meta":{"footnotes":""},"class_list":["post-53","page","type-page","status-publish","hentry"],"yoast_head":"<!-- This site is optimized with the Yoast SEO plugin v25.8 - https:\/\/yoast.com\/wordpress\/plugins\/seo\/ -->\n<title>Contacto - Nervia Finance<\/title>\n<meta name=\"robots\" content=\"index, follow, max-snippet:-1, max-image-preview:large, max-video-preview:-1\" \/>\n<link rel=\"canonical\" href=\"https:\/\/nerviafinance.com\/en\/contacto\/\" \/>\n<meta property=\"og:locale\" content=\"en_GB\" \/>\n<meta property=\"og:type\" content=\"article\" \/>\n<meta property=\"og:title\" content=\"Contacto - Nervia Finance\" \/>\n<meta property=\"og:description\" content=\"Contacto Inicio \/ Contacto El primer paso hacia una gesti\u00f3n financiera m\u00e1s clara y estrat\u00e9gica comienza aqu\u00ed. Hablemos de tu empresa En Nervia Finance sabemos que cada empresa tiene retos \u00fanicos. Por eso, ofrecemos un trato directo, profesional y adaptado a tus necesidades. Completa el formulario y cu\u00e9ntanos en qu\u00e9 punto se encuentra tu negocio: [&hellip;]\" \/>\n<meta property=\"og:url\" content=\"https:\/\/nerviafinance.com\/en\/contacto\/\" \/>\n<meta property=\"og:site_name\" content=\"Nervia Finance\" \/>\n<meta property=\"article:modified_time\" content=\"2025-10-24T09:34:07+00:00\" \/>\n<meta name=\"twitter:card\" content=\"summary_large_image\" \/>\n<script type=\"application\/ld+json\" class=\"yoast-schema-graph\">{\"@context\":\"https:\/\/schema.org\",\"@graph\":[{\"@type\":\"WebPage\",\"@id\":\"https:\/\/nerviafinance.com\/contacto\/\",\"url\":\"https:\/\/nerviafinance.com\/contacto\/\",\"name\":\"Contacto - Nervia Finance\",\"isPartOf\":{\"@id\":\"https:\/\/nerviafinance.com\/#website\"},\"datePublished\":\"2025-09-09T13:52:33+00:00\",\"dateModified\":\"2025-10-24T09:34:07+00:00\",\"breadcrumb\":{\"@id\":\"https:\/\/nerviafinance.com\/contacto\/#breadcrumb\"},\"inLanguage\":\"en-GB\",\"potentialAction\":[{\"@type\":\"ReadAction\",\"target\":[\"https:\/\/nerviafinance.com\/contacto\/\"]}]},{\"@type\":\"BreadcrumbList\",\"@id\":\"https:\/\/nerviafinance.com\/contacto\/#breadcrumb\",\"itemListElement\":[{\"@type\":\"ListItem\",\"position\":1,\"name\":\"Portada\",\"item\":\"https:\/\/nerviafinance.com\/\"},{\"@type\":\"ListItem\",\"position\":2,\"name\":\"Contacto\"}]},{\"@type\":\"WebSite\",\"@id\":\"https:\/\/nerviafinance.com\/#website\",\"url\":\"https:\/\/nerviafinance.com\/\",\"name\":\"Nervia Finance\",\"description\":\"\",\"publisher\":{\"@id\":\"https:\/\/nerviafinance.com\/#organization\"},\"potentialAction\":[{\"@type\":\"SearchAction\",\"target\":{\"@type\":\"EntryPoint\",\"urlTemplate\":\"https:\/\/nerviafinance.com\/?s={search_term_string}\"},\"query-input\":{\"@type\":\"PropertyValueSpecification\",\"valueRequired\":true,\"valueName\":\"search_term_string\"}}],\"inLanguage\":\"en-GB\"},{\"@type\":\"Organization\",\"@id\":\"https:\/\/nerviafinance.com\/#organization\",\"name\":\"Nervia Finance\",\"url\":\"https:\/\/nerviafinance.com\/\",\"logo\":{\"@type\":\"ImageObject\",\"inLanguage\":\"en-GB\",\"@id\":\"https:\/\/nerviafinance.com\/#\/schema\/logo\/image\/\",\"url\":\"https:\/\/nerviafinance.com\/wp-content\/uploads\/2025\/09\/nevia-finance-full@3x.png\",\"contentUrl\":\"https:\/\/nerviafinance.com\/wp-content\/uploads\/2025\/09\/nevia-finance-full@3x.png\",\"width\":525,\"height\":346,\"caption\":\"Nervia Finance\"},\"image\":{\"@id\":\"https:\/\/nerviafinance.com\/#\/schema\/logo\/image\/\"}}]}<\/script>\n<!-- \/ Yoast SEO plugin. -->","yoast_head_json":{"title":"Contacto - Nervia Finance","robots":{"index":"index","follow":"follow","max-snippet":"max-snippet:-1","max-image-preview":"max-image-preview:large","max-video-preview":"max-video-preview:-1"},"canonical":"https:\/\/nerviafinance.com\/en\/contacto\/","og_locale":"en_GB","og_type":"article","og_title":"Contacto - Nervia Finance","og_description":"Contacto Inicio \/ Contacto El primer paso hacia una gesti\u00f3n financiera m\u00e1s clara y estrat\u00e9gica comienza aqu\u00ed. Hablemos de tu empresa En Nervia Finance sabemos que cada empresa tiene retos \u00fanicos. Por eso, ofrecemos un trato directo, profesional y adaptado a tus necesidades. Completa el formulario y cu\u00e9ntanos en qu\u00e9 punto se encuentra tu negocio: [&hellip;]","og_url":"https:\/\/nerviafinance.com\/en\/contacto\/","og_site_name":"Nervia Finance","article_modified_time":"2025-10-24T09:34:07+00:00","twitter_card":"summary_large_image","schema":{"@context":"https:\/\/schema.org","@graph":[{"@type":"WebPage","@id":"https:\/\/nerviafinance.com\/contacto\/","url":"https:\/\/nerviafinance.com\/contacto\/","name":"Contacto - Nervia Finance","isPartOf":{"@id":"https:\/\/nerviafinance.com\/#website"},"datePublished":"2025-09-09T13:52:33+00:00","dateModified":"2025-10-24T09:34:07+00:00","breadcrumb":{"@id":"https:\/\/nerviafinance.com\/contacto\/#breadcrumb"},"inLanguage":"en-GB","potentialAction":[{"@type":"ReadAction","target":["https:\/\/nerviafinance.com\/contacto\/"]}]},{"@type":"BreadcrumbList","@id":"https:\/\/nerviafinance.com\/contacto\/#breadcrumb","itemListElement":[{"@type":"ListItem","position":1,"name":"Portada","item":"https:\/\/nerviafinance.com\/"},{"@type":"ListItem","position":2,"name":"Contacto"}]},{"@type":"WebSite","@id":"https:\/\/nerviafinance.com\/#website","url":"https:\/\/nerviafinance.com\/","name":"Nervia Finance","description":"","publisher":{"@id":"https:\/\/nerviafinance.com\/#organization"},"potentialAction":[{"@type":"SearchAction","target":{"@type":"EntryPoint","urlTemplate":"https:\/\/nerviafinance.com\/?s={search_term_string}"},"query-input":{"@type":"PropertyValueSpecification","valueRequired":true,"valueName":"search_term_string"}}],"inLanguage":"en-GB"},{"@type":"Organization","@id":"https:\/\/nerviafinance.com\/#organization","name":"Nervia Finance","url":"https:\/\/nerviafinance.com\/","logo":{"@type":"ImageObject","inLanguage":"en-GB","@id":"https:\/\/nerviafinance.com\/#\/schema\/logo\/image\/","url":"https:\/\/nerviafinance.com\/wp-content\/uploads\/2025\/09\/nevia-finance-full@3x.png","contentUrl":"https:\/\/nerviafinance.com\/wp-content\/uploads\/2025\/09\/nevia-finance-full@3x.png","width":525,"height":346,"caption":"Nervia Finance"},"image":{"@id":"https:\/\/nerviafinance.com\/#\/schema\/logo\/image\/"}}]}},"_links":{"self":[{"href":"https:\/\/nerviafinance.com\/en\/wp-json\/wp\/v2\/pages\/53","targetHints":{"allow":["GET"]}}],"collection":[{"href":"https:\/\/nerviafinance.com\/en\/wp-json\/wp\/v2\/pages"}],"about":[{"href":"https:\/\/nerviafinance.com\/en\/wp-json\/wp\/v2\/types\/page"}],"author":[{"embeddable":true,"href":"https:\/\/nerviafinance.com\/en\/wp-json\/wp\/v2\/users\/2"}],"replies":[{"embeddable":true,"href":"https:\/\/nerviafinance.com\/en\/wp-json\/wp\/v2\/comments?post=53"}],"version-history":[{"count":31,"href":"https:\/\/nerviafinance.com\/en\/wp-json\/wp\/v2\/pages\/53\/revisions"}],"predecessor-version":[{"id":547,"href":"https:\/\/nerviafinance.com\/en\/wp-json\/wp\/v2\/pages\/53\/revisions\/547"}],"wp:attachment":[{"href":"https:\/\/nerviafinance.com\/en\/wp-json\/wp\/v2\/media?parent=53"}],"curies":[{"name":"wp","href":"https:\/\/api.w.org\/{rel}","templated":true}]}}