{"id":60,"date":"2025-09-09T15:54:25","date_gmt":"2025-09-09T13:54:25","guid":{"rendered":"https:\/\/nerviafinance.com\/?page_id=60"},"modified":"2025-10-27T16:10:56","modified_gmt":"2025-10-27T15:10:56","slug":"analisis-integral-y-optimizacion-de-procesos","status":"publish","type":"page","link":"https:\/\/nerviafinance.com\/en\/analisis-integral-y-optimizacion-de-procesos\/","title":{"rendered":"Integrated Analysis &amp; Process Optimization"},"content":{"rendered":"<div data-elementor-type=\"wp-page\" data-elementor-id=\"60\" class=\"elementor elementor-60\" data-elementor-post-type=\"page\">\n\t\t\t\t<div class=\"elementor-element elementor-element-102e223 e-flex e-con-boxed e-con e-parent\" data-id=\"102e223\" data-element_type=\"container\" data-settings=\"{&quot;background_background&quot;:&quot;classic&quot;}\">\n\t\t\t\t\t<div class=\"e-con-inner\">\n\t\t\t\t<div class=\"elementor-element elementor-element-2114b80e elementor-widget elementor-widget-heading\" data-id=\"2114b80e\" data-element_type=\"widget\" data-widget_type=\"heading.default\">\n\t\t\t\t\t<h2 class=\"elementor-heading-title elementor-size-default\">Integrated Analysis &amp; Process Optimization<\/h2>\t\t\t\t<\/div>\n\t\t\t\t<div class=\"elementor-element elementor-element-2b1283ac elementor-widget elementor-widget-text-editor\" data-id=\"2b1283ac\" data-element_type=\"widget\" data-widget_type=\"text-editor.default\">\n\t\t\t\t\t\t\t\t\t<p><a href=\"https:\/\/nerviafinance.com\/en\/\">Home<\/a> \/ Integrated Analysis &amp; Process Optimization<\/p>\t\t\t\t\t\t\t\t<\/div>\n\t\t\t\t\t<\/div>\n\t\t\t\t<\/div>\n\t\t<div class=\"elementor-element elementor-element-3207438a e-flex e-con-boxed e-con e-parent\" data-id=\"3207438a\" data-element_type=\"container\">\n\t\t\t\t\t<div class=\"e-con-inner\">\n\t\t<div class=\"elementor-element elementor-element-23499e00 e-con-full e-flex e-con e-child\" data-id=\"23499e00\" data-element_type=\"container\">\n\t\t\t\t<div class=\"elementor-element elementor-element-4246091a elementor-widget elementor-widget-heading\" data-id=\"4246091a\" data-element_type=\"widget\" data-widget_type=\"heading.default\">\n\t\t\t\t\t<h3 class=\"elementor-heading-title elementor-size-default\">Comprehensive analysis for strategic decisions<\/h3>\t\t\t\t<\/div>\n\t\t\t\t<div class=\"elementor-element elementor-element-36828f7d elementor-widget elementor-widget-text-editor\" data-id=\"36828f7d\" data-element_type=\"widget\" data-widget_type=\"text-editor.default\">\n\t\t\t\t\t\t\t\t\t<div class=\"page\" title=\"Page 4\"><div class=\"layoutArea\"><div class=\"column\"><p>At Nervia Finance, we carry out a comprehensive diagnostic \u2014 both operational and financial \u2014 that provides management with a clear view of the company\u2019s situation. By incorporating big data tools into our analyses, we can delve deeper into the details and identify not only current weaknesses but also opportunities for improvement and future growth.<\/p><\/div><\/div><\/div>\t\t\t\t\t\t\t\t<\/div>\n\t\t\t\t<div class=\"elementor-element elementor-element-1a379ffc elementor-widget elementor-widget-heading\" data-id=\"1a379ffc\" data-element_type=\"widget\" data-widget_type=\"heading.default\">\n\t\t\t\t\t<h4 class=\"elementor-heading-title elementor-size-default\">The diagnostic process includes:<\/h4>\t\t\t\t<\/div>\n\t\t\t\t<div class=\"elementor-element elementor-element-6538e5a5 elementor-icon-list--layout-traditional elementor-list-item-link-full_width elementor-widget elementor-widget-icon-list\" data-id=\"6538e5a5\" data-element_type=\"widget\" data-widget_type=\"icon-list.default\">\n\t\t\t\t\t\t\t<ul class=\"elementor-icon-list-items\">\n\t\t\t\t\t\t\t<li class=\"elementor-icon-list-item\">\n\t\t\t\t\t\t\t\t\t\t\t<span class=\"elementor-icon-list-icon\">\n\t\t\t\t\t\t\t<i aria-hidden=\"true\" class=\"icon icon-check\"><\/i>\t\t\t\t\t\t<\/span>\n\t\t\t\t\t\t\t\t\t\t<span class=\"elementor-icon-list-text\">Assessment of the financial structure: liquidity, solvency, profitability, and debt.<\/span>\n\t\t\t\t\t\t\t\t\t<\/li>\n\t\t\t\t\t\t\t\t<li class=\"elementor-icon-list-item\">\n\t\t\t\t\t\t\t\t\t\t\t<span class=\"elementor-icon-list-icon\">\n\t\t\t\t\t\t\t<i aria-hidden=\"true\" class=\"icon icon-check\"><\/i>\t\t\t\t\t\t<\/span>\n\t\t\t\t\t\t\t\t\t\t<span class=\"elementor-icon-list-text\">Operational analysis: process efficiency, direct and indirect costs, organizational structure, and break-even point.<\/span>\n\t\t\t\t\t\t\t\t\t<\/li>\n\t\t\t\t\t\t\t\t<li class=\"elementor-icon-list-item\">\n\t\t\t\t\t\t\t\t\t\t\t<span class=\"elementor-icon-list-icon\">\n\t\t\t\t\t\t\t<i aria-hidden=\"true\" class=\"icon icon-check\"><\/i>\t\t\t\t\t\t<\/span>\n\t\t\t\t\t\t\t\t\t\t<span class=\"elementor-icon-list-text\">Identification of critical areas or risks that affect business sustainability.<\/span>\n\t\t\t\t\t\t\t\t\t<\/li>\n\t\t\t\t\t\t\t\t<li class=\"elementor-icon-list-item\">\n\t\t\t\t\t\t\t\t\t\t\t<span class=\"elementor-icon-list-icon\">\n\t\t\t\t\t\t\t<i aria-hidden=\"true\" class=\"icon icon-check\"><\/i>\t\t\t\t\t\t<\/span>\n\t\t\t\t\t\t\t\t\t\t<span class=\"elementor-icon-list-text\">Use of predictive models to detect trends and anticipate risks.<\/span>\n\t\t\t\t\t\t\t\t\t<\/li>\n\t\t\t\t\t\t<\/ul>\n\t\t\t\t\t\t<\/div>\n\t\t\t\t<div class=\"elementor-element elementor-element-9fad322 elementor-widget elementor-widget-text-editor\" data-id=\"9fad322\" data-element_type=\"widget\" data-widget_type=\"text-editor.default\">\n\t\t\t\t\t\t\t\t\t<div class=\"page\" title=\"Page 4\"><div class=\"layoutArea\"><div class=\"column\"><div class=\"page\" title=\"Page 4\"><div class=\"layoutArea\"><div class=\"column\"><p>The result is a comprehensive report that goes beyond the numbers. We deliver an executive and practical interpretation, designed to support decision-making. With a solid diagnosis, the company gains a clear roadmap that aligns finance, operations, and corporate strategy.<\/p><\/div><\/div><\/div><\/div><\/div><\/div>\t\t\t\t\t\t\t\t<\/div>\n\t\t\t\t<div class=\"elementor-element elementor-element-91954b4 elementor-widget elementor-widget-text-editor\" data-id=\"91954b4\" data-element_type=\"widget\" data-widget_type=\"text-editor.default\">\n\t\t\t\t\t\t\t\t\t<div class=\"page\" title=\"Page 4\"><div class=\"layoutArea\"><div class=\"column\"><div class=\"page\" title=\"Page 4\"><div class=\"layoutArea\"><div class=\"column\"><div class=\"page\" title=\"Page 4\"><div class=\"layoutArea\"><div class=\"column\"><p>At Nervia, we don\u2019t deliver meaningless data \u2014 we transform information into decisions that strengthen the future of your business.<\/p><\/div><\/div><\/div><\/div><\/div><\/div><\/div><\/div><\/div>\t\t\t\t\t\t\t\t<\/div>\n\t\t\t\t<\/div>\n\t\t<div class=\"elementor-element elementor-element-518ae7b1 e-con-full e-flex e-con e-child\" data-id=\"518ae7b1\" data-element_type=\"container\">\n\t\t<div class=\"elementor-element elementor-element-378cf75d e-con-full e-flex e-con e-child\" data-id=\"378cf75d\" data-element_type=\"container\" data-settings=\"{&quot;background_background&quot;:&quot;classic&quot;}\">\n\t\t\t\t<div class=\"elementor-element elementor-element-503c6ec4 elementor-widget elementor-widget-heading\" data-id=\"503c6ec4\" data-element_type=\"widget\" data-widget_type=\"heading.default\">\n\t\t\t\t\t<h4 class=\"elementor-heading-title elementor-size-default\">OTHER SERVICES<\/h4>\t\t\t\t<\/div>\n\t\t\t\t<div class=\"elementor-element elementor-element-7c5616aa elementor-icon-list--layout-traditional elementor-list-item-link-full_width elementor-widget elementor-widget-icon-list\" data-id=\"7c5616aa\" data-element_type=\"widget\" data-widget_type=\"icon-list.default\">\n\t\t\t\t\t\t\t<ul class=\"elementor-icon-list-items\">\n\t\t\t\t\t\t\t<li class=\"elementor-icon-list-item\">\n\t\t\t\t\t\t\t\t\t\t\t<a href=\"https:\/\/nerviafinance.com\/en\/consultoria-estrategica\/\">\n\n\t\t\t\t\t\t\t\t\t\t\t\t<span class=\"elementor-icon-list-icon\">\n\t\t\t\t\t\t\t<svg aria-hidden=\"true\" class=\"e-font-icon-svg e-fas-angle-right\" viewbox=\"0 0 256 512\" xmlns=\"http:\/\/www.w3.org\/2000\/svg\"><path d=\"M224.3 273l-136 136c-9.4 9.4-24.6 9.4-33.9 0l-22.6-22.6c-9.4-9.4-9.4-24.6 0-33.9l96.4-96.4-96.4-96.4c-9.4-9.4-9.4-24.6 0-33.9L54.3 103c9.4-9.4 24.6-9.4 33.9 0l136 136c9.5 9.4 9.5 24.6.1 34z\"><\/path><\/svg>\t\t\t\t\t\t<\/span>\n\t\t\t\t\t\t\t\t\t\t<span class=\"elementor-icon-list-text\">Strategic Consulting<\/span>\n\t\t\t\t\t\t\t\t\t\t\t<\/a>\n\t\t\t\t\t\t\t\t\t<\/li>\n\t\t\t\t\t\t\t\t<li class=\"elementor-icon-list-item\">\n\t\t\t\t\t\t\t\t\t\t\t<a href=\"https:\/\/nerviafinance.com\/en\/controlling-y-reporting-avanzado\/\">\n\n\t\t\t\t\t\t\t\t\t\t\t\t<span class=\"elementor-icon-list-icon\">\n\t\t\t\t\t\t\t<svg aria-hidden=\"true\" class=\"e-font-icon-svg e-fas-angle-right\" viewbox=\"0 0 256 512\" xmlns=\"http:\/\/www.w3.org\/2000\/svg\"><path d=\"M224.3 273l-136 136c-9.4 9.4-24.6 9.4-33.9 0l-22.6-22.6c-9.4-9.4-9.4-24.6 0-33.9l96.4-96.4-96.4-96.4c-9.4-9.4-9.4-24.6 0-33.9L54.3 103c9.4-9.4 24.6-9.4 33.9 0l136 136c9.5 9.4 9.5 24.6.1 34z\"><\/path><\/svg>\t\t\t\t\t\t<\/span>\n\t\t\t\t\t\t\t\t\t\t<span class=\"elementor-icon-list-text\">Advanced Controlling &amp; Reporting<\/span>\n\t\t\t\t\t\t\t\t\t\t\t<\/a>\n\t\t\t\t\t\t\t\t\t<\/li>\n\t\t\t\t\t\t\t\t<li class=\"elementor-icon-list-item\">\n\t\t\t\t\t\t\t\t\t\t\t<a href=\"https:\/\/nerviafinance.com\/en\/gestion-de-cash-flow-y-tesoreria\/\">\n\n\t\t\t\t\t\t\t\t\t\t\t\t<span class=\"elementor-icon-list-icon\">\n\t\t\t\t\t\t\t<svg aria-hidden=\"true\" class=\"e-font-icon-svg e-fas-angle-right\" viewbox=\"0 0 256 512\" xmlns=\"http:\/\/www.w3.org\/2000\/svg\"><path d=\"M224.3 273l-136 136c-9.4 9.4-24.6 9.4-33.9 0l-22.6-22.6c-9.4-9.4-9.4-24.6 0-33.9l96.4-96.4-96.4-96.4c-9.4-9.4-9.4-24.6 0-33.9L54.3 103c9.4-9.4 24.6-9.4 33.9 0l136 136c9.5 9.4 9.5 24.6.1 34z\"><\/path><\/svg>\t\t\t\t\t\t<\/span>\n\t\t\t\t\t\t\t\t\t\t<span class=\"elementor-icon-list-text\">Cash Flow &amp; Treasury Management<\/span>\n\t\t\t\t\t\t\t\t\t\t\t<\/a>\n\t\t\t\t\t\t\t\t\t<\/li>\n\t\t\t\t\t\t\t\t<li class=\"elementor-icon-list-item\">\n\t\t\t\t\t\t\t\t\t\t\t<a href=\"https:\/\/nerviafinance.com\/en\/cfo-externo-controller-externo\/\">\n\n\t\t\t\t\t\t\t\t\t\t\t\t<span class=\"elementor-icon-list-icon\">\n\t\t\t\t\t\t\t<svg aria-hidden=\"true\" class=\"e-font-icon-svg e-fas-angle-right\" viewbox=\"0 0 256 512\" xmlns=\"http:\/\/www.w3.org\/2000\/svg\"><path d=\"M224.3 273l-136 136c-9.4 9.4-24.6 9.4-33.9 0l-22.6-22.6c-9.4-9.4-9.4-24.6 0-33.9l96.4-96.4-96.4-96.4c-9.4-9.4-9.4-24.6 0-33.9L54.3 103c9.4-9.4 24.6-9.4 33.9 0l136 136c9.5 9.4 9.5 24.6.1 34z\"><\/path><\/svg>\t\t\t\t\t\t<\/span>\n\t\t\t\t\t\t\t\t\t\t<span class=\"elementor-icon-list-text\">Fractional CFO \/ Controller Services<\/span>\n\t\t\t\t\t\t\t\t\t\t\t<\/a>\n\t\t\t\t\t\t\t\t\t<\/li>\n\t\t\t\t\t\t\t\t<li class=\"elementor-icon-list-item\">\n\t\t\t\t\t\t\t\t\t\t\t<a href=\"https:\/\/nerviafinance.com\/en\/planificacion-financiera-y-presupuestacion\/\">\n\n\t\t\t\t\t\t\t\t\t\t\t\t<span class=\"elementor-icon-list-icon\">\n\t\t\t\t\t\t\t<svg aria-hidden=\"true\" class=\"e-font-icon-svg e-fas-angle-right\" viewbox=\"0 0 256 512\" xmlns=\"http:\/\/www.w3.org\/2000\/svg\"><path d=\"M224.3 273l-136 136c-9.4 9.4-24.6 9.4-33.9 0l-22.6-22.6c-9.4-9.4-9.4-24.6 0-33.9l96.4-96.4-96.4-96.4c-9.4-9.4-9.4-24.6 0-33.9L54.3 103c9.4-9.4 24.6-9.4 33.9 0l136 136c9.5 9.4 9.5 24.6.1 34z\"><\/path><\/svg>\t\t\t\t\t\t<\/span>\n\t\t\t\t\t\t\t\t\t\t<span class=\"elementor-icon-list-text\">Financial Planning &amp; Budgeting<\/span>\n\t\t\t\t\t\t\t\t\t\t\t<\/a>\n\t\t\t\t\t\t\t\t\t<\/li>\n\t\t\t\t\t\t<\/ul>\n\t\t\t\t\t\t<\/div>\n\t\t\t\t<\/div>\n\t\t<div class=\"elementor-element elementor-element-4edc30cf e-con-full e-flex e-con e-child\" data-id=\"4edc30cf\" data-element_type=\"container\" data-settings=\"{&quot;background_background&quot;:&quot;classic&quot;}\">\n\t\t\t\t<div class=\"elementor-element elementor-element-251266fa elementor-widget elementor-widget-heading\" data-id=\"251266fa\" data-element_type=\"widget\" data-widget_type=\"heading.default\">\n\t\t\t\t\t<h4 class=\"elementor-heading-title elementor-size-default\">Let\u2019s talk about the future of your company.<\/h4>\t\t\t\t<\/div>\n\t\t\t\t<div class=\"elementor-element elementor-element-163cc835 elementor-align-center elementor-widget elementor-widget-button\" data-id=\"163cc835\" data-element_type=\"widget\" data-widget_type=\"button.default\">\n\t\t\t\t\t\t\t\t\t\t<a class=\"elementor-button elementor-button-link elementor-size-sm elementor-animation-float\" href=\"#\">\n\t\t\t\t\t\t<span class=\"elementor-button-content-wrapper\">\n\t\t\t\t\t\t<span class=\"elementor-button-icon\">\n\t\t\t\t<svg aria-hidden=\"true\" class=\"e-font-icon-svg e-fas-arrow-right\" viewbox=\"0 0 448 512\" xmlns=\"http:\/\/www.w3.org\/2000\/svg\"><path d=\"M190.5 66.9l22.2-22.2c9.4-9.4 24.6-9.4 33.9 0L441 239c9.4 9.4 9.4 24.6 0 33.9L246.6 467.3c-9.4 9.4-24.6 9.4-33.9 0l-22.2-22.2c-9.5-9.5-9.3-25 .4-34.3L311.4 296H24c-13.3 0-24-10.7-24-24v-32c0-13.3 10.7-24 24-24h287.4L190.9 101.2c-9.8-9.3-10-24.8-.4-34.3z\"><\/path><\/svg>\t\t\t<\/span>\n\t\t\t\t\t\t\t\t\t<span class=\"elementor-button-text\">CONTACT US<\/span>\n\t\t\t\t\t<\/span>\n\t\t\t\t\t<\/a>\n\t\t\t\t\t\t\t\t<\/div>\n\t\t\t\t<\/div>\n\t\t\t\t<\/div>\n\t\t\t\t\t<\/div>\n\t\t\t\t<\/div>\n\t\t\t\t<\/div>","protected":false},"excerpt":{"rendered":"<p>An\u00e1lisis integral y optimizaci\u00f3n de procesos Inicio \/ An\u00e1lisis integral y optimizaci\u00f3n de procesos An\u00e1lisis integral para decisiones estrat\u00e9gicas En Nervia realizamos un diagno\u0301stico integral, tanto operativo como financiero, que ofrece a la direccio\u0301n una visio\u0301n clara sobre la situacio\u0301n de la empresa. La incorporacio\u0301n de herramientas de big data en nuestros ana\u0301lisis nos permite [&hellip;]<\/p>","protected":false},"author":2,"featured_media":0,"parent":0,"menu_order":0,"comment_status":"closed","ping_status":"closed","template":"elementor_header_footer","meta":{"footnotes":""},"class_list":["post-60","page","type-page","status-publish","hentry"],"yoast_head":"<!-- This site is optimized with the Yoast SEO plugin v25.8 - https:\/\/yoast.com\/wordpress\/plugins\/seo\/ -->\n<title>An\u00e1lisis integral y optimizaci\u00f3n de procesos - Nervia Finance<\/title>\n<meta name=\"robots\" content=\"index, follow, max-snippet:-1, max-image-preview:large, max-video-preview:-1\" \/>\n<link rel=\"canonical\" href=\"https:\/\/nerviafinance.com\/en\/analisis-integral-y-optimizacion-de-procesos\/\" \/>\n<meta property=\"og:locale\" content=\"en_GB\" \/>\n<meta property=\"og:type\" content=\"article\" \/>\n<meta property=\"og:title\" content=\"An\u00e1lisis integral y optimizaci\u00f3n de procesos - Nervia Finance\" \/>\n<meta property=\"og:description\" content=\"An\u00e1lisis integral y optimizaci\u00f3n de procesos Inicio \/ An\u00e1lisis integral y optimizaci\u00f3n de procesos An\u00e1lisis integral para decisiones estrat\u00e9gicas En Nervia realizamos un diagno\u0301stico integral, tanto operativo como financiero, que ofrece a la direccio\u0301n una visio\u0301n clara sobre la situacio\u0301n de la empresa. La incorporacio\u0301n de herramientas de big data en nuestros ana\u0301lisis nos permite [&hellip;]\" \/>\n<meta property=\"og:url\" content=\"https:\/\/nerviafinance.com\/en\/analisis-integral-y-optimizacion-de-procesos\/\" \/>\n<meta property=\"og:site_name\" content=\"Nervia Finance\" \/>\n<meta property=\"article:modified_time\" content=\"2025-10-27T15:10:56+00:00\" \/>\n<meta name=\"twitter:card\" content=\"summary_large_image\" \/>\n<meta name=\"twitter:label1\" content=\"Estimated reading time\" \/>\n\t<meta name=\"twitter:data1\" content=\"1 minute\" \/>\n<script type=\"application\/ld+json\" class=\"yoast-schema-graph\">{\"@context\":\"https:\/\/schema.org\",\"@graph\":[{\"@type\":\"WebPage\",\"@id\":\"https:\/\/nerviafinance.com\/analisis-integral-y-optimizacion-de-procesos\/\",\"url\":\"https:\/\/nerviafinance.com\/analisis-integral-y-optimizacion-de-procesos\/\",\"name\":\"An\u00e1lisis integral y optimizaci\u00f3n de procesos - Nervia Finance\",\"isPartOf\":{\"@id\":\"https:\/\/nerviafinance.com\/#website\"},\"datePublished\":\"2025-09-09T13:54:25+00:00\",\"dateModified\":\"2025-10-27T15:10:56+00:00\",\"breadcrumb\":{\"@id\":\"https:\/\/nerviafinance.com\/analisis-integral-y-optimizacion-de-procesos\/#breadcrumb\"},\"inLanguage\":\"en-GB\",\"potentialAction\":[{\"@type\":\"ReadAction\",\"target\":[\"https:\/\/nerviafinance.com\/analisis-integral-y-optimizacion-de-procesos\/\"]}]},{\"@type\":\"BreadcrumbList\",\"@id\":\"https:\/\/nerviafinance.com\/analisis-integral-y-optimizacion-de-procesos\/#breadcrumb\",\"itemListElement\":[{\"@type\":\"ListItem\",\"position\":1,\"name\":\"Portada\",\"item\":\"https:\/\/nerviafinance.com\/\"},{\"@type\":\"ListItem\",\"position\":2,\"name\":\"An\u00e1lisis integral y optimizaci\u00f3n de procesos\"}]},{\"@type\":\"WebSite\",\"@id\":\"https:\/\/nerviafinance.com\/#website\",\"url\":\"https:\/\/nerviafinance.com\/\",\"name\":\"Nervia Finance\",\"description\":\"\",\"publisher\":{\"@id\":\"https:\/\/nerviafinance.com\/#organization\"},\"potentialAction\":[{\"@type\":\"SearchAction\",\"target\":{\"@type\":\"EntryPoint\",\"urlTemplate\":\"https:\/\/nerviafinance.com\/?s={search_term_string}\"},\"query-input\":{\"@type\":\"PropertyValueSpecification\",\"valueRequired\":true,\"valueName\":\"search_term_string\"}}],\"inLanguage\":\"en-GB\"},{\"@type\":\"Organization\",\"@id\":\"https:\/\/nerviafinance.com\/#organization\",\"name\":\"Nervia Finance\",\"url\":\"https:\/\/nerviafinance.com\/\",\"logo\":{\"@type\":\"ImageObject\",\"inLanguage\":\"en-GB\",\"@id\":\"https:\/\/nerviafinance.com\/#\/schema\/logo\/image\/\",\"url\":\"https:\/\/nerviafinance.com\/wp-content\/uploads\/2025\/09\/nevia-finance-full@3x.png\",\"contentUrl\":\"https:\/\/nerviafinance.com\/wp-content\/uploads\/2025\/09\/nevia-finance-full@3x.png\",\"width\":525,\"height\":346,\"caption\":\"Nervia Finance\"},\"image\":{\"@id\":\"https:\/\/nerviafinance.com\/#\/schema\/logo\/image\/\"}}]}<\/script>\n<!-- \/ Yoast SEO plugin. -->","yoast_head_json":{"title":"An\u00e1lisis integral y optimizaci\u00f3n de procesos - Nervia Finance","robots":{"index":"index","follow":"follow","max-snippet":"max-snippet:-1","max-image-preview":"max-image-preview:large","max-video-preview":"max-video-preview:-1"},"canonical":"https:\/\/nerviafinance.com\/en\/analisis-integral-y-optimizacion-de-procesos\/","og_locale":"en_GB","og_type":"article","og_title":"An\u00e1lisis integral y optimizaci\u00f3n de procesos - Nervia Finance","og_description":"An\u00e1lisis integral y optimizaci\u00f3n de procesos Inicio \/ An\u00e1lisis integral y optimizaci\u00f3n de procesos An\u00e1lisis integral para decisiones estrat\u00e9gicas En Nervia realizamos un diagno\u0301stico integral, tanto operativo como financiero, que ofrece a la direccio\u0301n una visio\u0301n clara sobre la situacio\u0301n de la empresa. La incorporacio\u0301n de herramientas de big data en nuestros ana\u0301lisis nos permite [&hellip;]","og_url":"https:\/\/nerviafinance.com\/en\/analisis-integral-y-optimizacion-de-procesos\/","og_site_name":"Nervia Finance","article_modified_time":"2025-10-27T15:10:56+00:00","twitter_card":"summary_large_image","twitter_misc":{"Estimated reading time":"1 minute"},"schema":{"@context":"https:\/\/schema.org","@graph":[{"@type":"WebPage","@id":"https:\/\/nerviafinance.com\/analisis-integral-y-optimizacion-de-procesos\/","url":"https:\/\/nerviafinance.com\/analisis-integral-y-optimizacion-de-procesos\/","name":"An\u00e1lisis integral y optimizaci\u00f3n de procesos - Nervia Finance","isPartOf":{"@id":"https:\/\/nerviafinance.com\/#website"},"datePublished":"2025-09-09T13:54:25+00:00","dateModified":"2025-10-27T15:10:56+00:00","breadcrumb":{"@id":"https:\/\/nerviafinance.com\/analisis-integral-y-optimizacion-de-procesos\/#breadcrumb"},"inLanguage":"en-GB","potentialAction":[{"@type":"ReadAction","target":["https:\/\/nerviafinance.com\/analisis-integral-y-optimizacion-de-procesos\/"]}]},{"@type":"BreadcrumbList","@id":"https:\/\/nerviafinance.com\/analisis-integral-y-optimizacion-de-procesos\/#breadcrumb","itemListElement":[{"@type":"ListItem","position":1,"name":"Portada","item":"https:\/\/nerviafinance.com\/"},{"@type":"ListItem","position":2,"name":"An\u00e1lisis integral y optimizaci\u00f3n de procesos"}]},{"@type":"WebSite","@id":"https:\/\/nerviafinance.com\/#website","url":"https:\/\/nerviafinance.com\/","name":"Nervia Finance","description":"","publisher":{"@id":"https:\/\/nerviafinance.com\/#organization"},"potentialAction":[{"@type":"SearchAction","target":{"@type":"EntryPoint","urlTemplate":"https:\/\/nerviafinance.com\/?s={search_term_string}"},"query-input":{"@type":"PropertyValueSpecification","valueRequired":true,"valueName":"search_term_string"}}],"inLanguage":"en-GB"},{"@type":"Organization","@id":"https:\/\/nerviafinance.com\/#organization","name":"Nervia Finance","url":"https:\/\/nerviafinance.com\/","logo":{"@type":"ImageObject","inLanguage":"en-GB","@id":"https:\/\/nerviafinance.com\/#\/schema\/logo\/image\/","url":"https:\/\/nerviafinance.com\/wp-content\/uploads\/2025\/09\/nevia-finance-full@3x.png","contentUrl":"https:\/\/nerviafinance.com\/wp-content\/uploads\/2025\/09\/nevia-finance-full@3x.png","width":525,"height":346,"caption":"Nervia Finance"},"image":{"@id":"https:\/\/nerviafinance.com\/#\/schema\/logo\/image\/"}}]}},"_links":{"self":[{"href":"https:\/\/nerviafinance.com\/en\/wp-json\/wp\/v2\/pages\/60","targetHints":{"allow":["GET"]}}],"collection":[{"href":"https:\/\/nerviafinance.com\/en\/wp-json\/wp\/v2\/pages"}],"about":[{"href":"https:\/\/nerviafinance.com\/en\/wp-json\/wp\/v2\/types\/page"}],"author":[{"embeddable":true,"href":"https:\/\/nerviafinance.com\/en\/wp-json\/wp\/v2\/users\/2"}],"replies":[{"embeddable":true,"href":"https:\/\/nerviafinance.com\/en\/wp-json\/wp\/v2\/comments?post=60"}],"version-history":[{"count":44,"href":"https:\/\/nerviafinance.com\/en\/wp-json\/wp\/v2\/pages\/60\/revisions"}],"predecessor-version":[{"id":525,"href":"https:\/\/nerviafinance.com\/en\/wp-json\/wp\/v2\/pages\/60\/revisions\/525"}],"wp:attachment":[{"href":"https:\/\/nerviafinance.com\/en\/wp-json\/wp\/v2\/media?parent=60"}],"curies":[{"name":"wp","href":"https:\/\/api.w.org\/{rel}","templated":true}]}}