{"id":62,"date":"2025-09-09T17:08:37","date_gmt":"2025-09-09T15:08:37","guid":{"rendered":"https:\/\/nerviafinance.com\/?page_id=62"},"modified":"2025-10-07T17:48:32","modified_gmt":"2025-10-07T15:48:32","slug":"planificacion-financiera-y-presupuestacion","status":"publish","type":"page","link":"https:\/\/nerviafinance.com\/en\/planificacion-financiera-y-presupuestacion\/","title":{"rendered":"Financial Planning &amp; Budgeting"},"content":{"rendered":"<div data-elementor-type=\"wp-page\" data-elementor-id=\"62\" class=\"elementor elementor-62\" data-elementor-post-type=\"page\">\n\t\t\t\t<div class=\"elementor-element elementor-element-29e11438 e-flex e-con-boxed e-con e-parent\" data-id=\"29e11438\" data-element_type=\"container\" data-settings=\"{&quot;background_background&quot;:&quot;classic&quot;}\">\n\t\t\t\t\t<div class=\"e-con-inner\">\n\t\t\t\t<div class=\"elementor-element elementor-element-b2460f5 elementor-widget elementor-widget-heading\" data-id=\"b2460f5\" data-element_type=\"widget\" data-widget_type=\"heading.default\">\n\t\t\t\t\t<h2 class=\"elementor-heading-title elementor-size-default\">Financial Planning &amp; Budgeting<\/h2>\t\t\t\t<\/div>\n\t\t\t\t<div class=\"elementor-element elementor-element-1598b76 elementor-widget elementor-widget-text-editor\" data-id=\"1598b76\" data-element_type=\"widget\" data-widget_type=\"text-editor.default\">\n\t\t\t\t\t\t\t\t\t<p><a href=\"https:\/\/nerviafinance.com\/en\/\">Home<\/a> \/ Financial Planning &amp; Budgeting<\/p>\t\t\t\t\t\t\t\t<\/div>\n\t\t\t\t\t<\/div>\n\t\t\t\t<\/div>\n\t\t<div class=\"elementor-element elementor-element-245d15a e-flex e-con-boxed e-con e-parent\" data-id=\"245d15a\" data-element_type=\"container\">\n\t\t\t\t\t<div class=\"e-con-inner\">\n\t\t<div class=\"elementor-element elementor-element-17426a36 e-con-full e-flex e-con e-child\" data-id=\"17426a36\" data-element_type=\"container\">\n\t\t\t\t<div class=\"elementor-element elementor-element-1b31485e elementor-widget elementor-widget-heading\" data-id=\"1b31485e\" data-element_type=\"widget\" data-widget_type=\"heading.default\">\n\t\t\t\t\t<h3 class=\"elementor-heading-title elementor-size-default\">Comprehensive analysis for strategic decisions<\/h3>\t\t\t\t<\/div>\n\t\t\t\t<div class=\"elementor-element elementor-element-3ff9c49a elementor-widget elementor-widget-text-editor\" data-id=\"3ff9c49a\" data-element_type=\"widget\" data-widget_type=\"text-editor.default\">\n\t\t\t\t\t\t\t\t\t<div class=\"page\" title=\"Page 4\"><div class=\"layoutArea\"><div class=\"column\"><div class=\"page\" title=\"Page 4\"><div class=\"layoutArea\"><div class=\"column\"><p>Proper financial planning is the foundation for ensuring business stability and growth. At Nervia Finance, we design annual budgets and long-term forecasting models that integrate both the company\u2019s strategic objectives and the realities of its operating environment.<\/p><\/div><\/div><\/div><\/div><\/div><\/div>\t\t\t\t\t\t\t\t<\/div>\n\t\t\t\t<div class=\"elementor-element elementor-element-7398ef4 elementor-widget elementor-widget-heading\" data-id=\"7398ef4\" data-element_type=\"widget\" data-widget_type=\"heading.default\">\n\t\t\t\t\t<h4 class=\"elementor-heading-title elementor-size-default\">Our budgeting services include:<\/h4>\t\t\t\t<\/div>\n\t\t\t\t<div class=\"elementor-element elementor-element-37ad4bdc elementor-icon-list--layout-traditional elementor-list-item-link-full_width elementor-widget elementor-widget-icon-list\" data-id=\"37ad4bdc\" data-element_type=\"widget\" data-widget_type=\"icon-list.default\">\n\t\t\t\t\t\t\t<ul class=\"elementor-icon-list-items\">\n\t\t\t\t\t\t\t<li class=\"elementor-icon-list-item\">\n\t\t\t\t\t\t\t\t\t\t\t<span class=\"elementor-icon-list-icon\">\n\t\t\t\t\t\t\t<i aria-hidden=\"true\" class=\"icon icon-check\"><\/i>\t\t\t\t\t\t<\/span>\n\t\t\t\t\t\t\t\t\t\t<span class=\"elementor-icon-list-text\">Designing comprehensive and granular budgets to detect variations at the smallest level \u2014 both in the income statement and in cash flow.<\/span>\n\t\t\t\t\t\t\t\t\t<\/li>\n\t\t\t\t\t\t\t\t<li class=\"elementor-icon-list-item\">\n\t\t\t\t\t\t\t\t\t\t\t<span class=\"elementor-icon-list-icon\">\n\t\t\t\t\t\t\t<i aria-hidden=\"true\" class=\"icon icon-check\"><\/i>\t\t\t\t\t\t<\/span>\n\t\t\t\t\t\t\t\t\t\t<span class=\"elementor-icon-list-text\">Developing financial scenario and forecasting models, taking into account internal and external variables.<\/span>\n\t\t\t\t\t\t\t\t\t<\/li>\n\t\t\t\t\t\t\t\t<li class=\"elementor-icon-list-item\">\n\t\t\t\t\t\t\t\t\t\t\t<span class=\"elementor-icon-list-icon\">\n\t\t\t\t\t\t\t<i aria-hidden=\"true\" class=\"icon icon-check\"><\/i>\t\t\t\t\t\t<\/span>\n\t\t\t\t\t\t\t\t\t\t<span class=\"elementor-icon-list-text\">Defining clear and measurable objectives, tailored to teams or individuals, with the option of linking them to incentive schemes.<\/span>\n\t\t\t\t\t\t\t\t\t<\/li>\n\t\t\t\t\t\t\t\t<li class=\"elementor-icon-list-item\">\n\t\t\t\t\t\t\t\t\t\t\t<span class=\"elementor-icon-list-icon\">\n\t\t\t\t\t\t\t<i aria-hidden=\"true\" class=\"icon icon-check\"><\/i>\t\t\t\t\t\t<\/span>\n\t\t\t\t\t\t\t\t\t\t<span class=\"elementor-icon-list-text\">Conducting monthly variance analyses to quickly identify deviations and drive improvement.<\/span>\n\t\t\t\t\t\t\t\t\t<\/li>\n\t\t\t\t\t\t<\/ul>\n\t\t\t\t\t\t<\/div>\n\t\t\t\t<div class=\"elementor-element elementor-element-536cb960 elementor-widget elementor-widget-text-editor\" data-id=\"536cb960\" data-element_type=\"widget\" data-widget_type=\"text-editor.default\">\n\t\t\t\t\t\t\t\t\t<div class=\"page\" title=\"Page 4\"><div class=\"layoutArea\"><div class=\"column\"><div class=\"page\" title=\"Page 4\"><div class=\"layoutArea\"><div class=\"column\"><div class=\"page\" title=\"Page 5\"><div class=\"layoutArea\"><div class=\"column\"><p>We apply advanced methodologies that combine historical data and predictive models to anticipate trends and mitigate risks.<\/p><\/div><\/div><\/div><\/div><\/div><\/div><\/div><\/div><\/div>\t\t\t\t\t\t\t\t<\/div>\n\t\t\t\t<div class=\"elementor-element elementor-element-f56d745 elementor-widget elementor-widget-text-editor\" data-id=\"f56d745\" data-element_type=\"widget\" data-widget_type=\"text-editor.default\">\n\t\t\t\t\t\t\t\t\t<div class=\"page\" title=\"Page 4\"><div class=\"layoutArea\"><div class=\"column\"><div class=\"page\" title=\"Page 4\"><div class=\"layoutArea\"><div class=\"column\"><div class=\"page\" title=\"Page 4\"><div class=\"layoutArea\"><div class=\"column\"><div class=\"page\" title=\"Page 5\"><div class=\"layoutArea\"><div class=\"column\"><div class=\"page\" title=\"Page 5\"><div class=\"layoutArea\"><div class=\"column\"><p>With our guidance, management gains access to a robust, flexible, and adaptable budgeting system aligned with the evolution of the business.<\/p><\/div><\/div><\/div><\/div><\/div><\/div><\/div><\/div><\/div><\/div><\/div><\/div><\/div><\/div><\/div>\t\t\t\t\t\t\t\t<\/div>\n\t\t\t\t<\/div>\n\t\t<div class=\"elementor-element elementor-element-153cb752 e-con-full e-flex e-con e-child\" data-id=\"153cb752\" data-element_type=\"container\">\n\t\t<div class=\"elementor-element elementor-element-f2419df e-con-full e-flex e-con e-child\" data-id=\"f2419df\" data-element_type=\"container\" data-settings=\"{&quot;background_background&quot;:&quot;classic&quot;}\">\n\t\t\t\t<div class=\"elementor-element elementor-element-7a3757fe elementor-widget elementor-widget-heading\" data-id=\"7a3757fe\" data-element_type=\"widget\" data-widget_type=\"heading.default\">\n\t\t\t\t\t<h4 class=\"elementor-heading-title elementor-size-default\">OTHER SERVICES<\/h4>\t\t\t\t<\/div>\n\t\t\t\t<div class=\"elementor-element elementor-element-2fb18671 elementor-icon-list--layout-traditional elementor-list-item-link-full_width elementor-widget elementor-widget-icon-list\" data-id=\"2fb18671\" data-element_type=\"widget\" data-widget_type=\"icon-list.default\">\n\t\t\t\t\t\t\t<ul class=\"elementor-icon-list-items\">\n\t\t\t\t\t\t\t<li class=\"elementor-icon-list-item\">\n\t\t\t\t\t\t\t\t\t\t\t<a href=\"https:\/\/nerviafinance.com\/en\/analisis-integral-y-optimizacion-de-procesos\/\">\n\n\t\t\t\t\t\t\t\t\t\t\t\t<span class=\"elementor-icon-list-icon\">\n\t\t\t\t\t\t\t<svg aria-hidden=\"true\" class=\"e-font-icon-svg e-fas-angle-right\" viewbox=\"0 0 256 512\" xmlns=\"http:\/\/www.w3.org\/2000\/svg\"><path d=\"M224.3 273l-136 136c-9.4 9.4-24.6 9.4-33.9 0l-22.6-22.6c-9.4-9.4-9.4-24.6 0-33.9l96.4-96.4-96.4-96.4c-9.4-9.4-9.4-24.6 0-33.9L54.3 103c9.4-9.4 24.6-9.4 33.9 0l136 136c9.5 9.4 9.5 24.6.1 34z\"><\/path><\/svg>\t\t\t\t\t\t<\/span>\n\t\t\t\t\t\t\t\t\t\t<span class=\"elementor-icon-list-text\">Integrated Analysis &amp; Process Optimization<\/span>\n\t\t\t\t\t\t\t\t\t\t\t<\/a>\n\t\t\t\t\t\t\t\t\t<\/li>\n\t\t\t\t\t\t\t\t<li class=\"elementor-icon-list-item\">\n\t\t\t\t\t\t\t\t\t\t\t<a href=\"https:\/\/nerviafinance.com\/en\/consultoria-estrategica\/\">\n\n\t\t\t\t\t\t\t\t\t\t\t\t<span class=\"elementor-icon-list-icon\">\n\t\t\t\t\t\t\t<svg aria-hidden=\"true\" class=\"e-font-icon-svg e-fas-angle-right\" viewbox=\"0 0 256 512\" xmlns=\"http:\/\/www.w3.org\/2000\/svg\"><path d=\"M224.3 273l-136 136c-9.4 9.4-24.6 9.4-33.9 0l-22.6-22.6c-9.4-9.4-9.4-24.6 0-33.9l96.4-96.4-96.4-96.4c-9.4-9.4-9.4-24.6 0-33.9L54.3 103c9.4-9.4 24.6-9.4 33.9 0l136 136c9.5 9.4 9.5 24.6.1 34z\"><\/path><\/svg>\t\t\t\t\t\t<\/span>\n\t\t\t\t\t\t\t\t\t\t<span class=\"elementor-icon-list-text\">Strategic Consulting<\/span>\n\t\t\t\t\t\t\t\t\t\t\t<\/a>\n\t\t\t\t\t\t\t\t\t<\/li>\n\t\t\t\t\t\t\t\t<li class=\"elementor-icon-list-item\">\n\t\t\t\t\t\t\t\t\t\t\t<a href=\"https:\/\/nerviafinance.com\/en\/controlling-y-reporting-avanzado\/\">\n\n\t\t\t\t\t\t\t\t\t\t\t\t<span class=\"elementor-icon-list-icon\">\n\t\t\t\t\t\t\t<svg aria-hidden=\"true\" class=\"e-font-icon-svg e-fas-angle-right\" viewbox=\"0 0 256 512\" xmlns=\"http:\/\/www.w3.org\/2000\/svg\"><path d=\"M224.3 273l-136 136c-9.4 9.4-24.6 9.4-33.9 0l-22.6-22.6c-9.4-9.4-9.4-24.6 0-33.9l96.4-96.4-96.4-96.4c-9.4-9.4-9.4-24.6 0-33.9L54.3 103c9.4-9.4 24.6-9.4 33.9 0l136 136c9.5 9.4 9.5 24.6.1 34z\"><\/path><\/svg>\t\t\t\t\t\t<\/span>\n\t\t\t\t\t\t\t\t\t\t<span class=\"elementor-icon-list-text\">Advanced Controlling &amp; Reporting<\/span>\n\t\t\t\t\t\t\t\t\t\t\t<\/a>\n\t\t\t\t\t\t\t\t\t<\/li>\n\t\t\t\t\t\t\t\t<li class=\"elementor-icon-list-item\">\n\t\t\t\t\t\t\t\t\t\t\t<a href=\"https:\/\/nerviafinance.com\/en\/gestion-de-cash-flow-y-tesoreria\/\">\n\n\t\t\t\t\t\t\t\t\t\t\t\t<span class=\"elementor-icon-list-icon\">\n\t\t\t\t\t\t\t<svg aria-hidden=\"true\" class=\"e-font-icon-svg e-fas-angle-right\" viewbox=\"0 0 256 512\" xmlns=\"http:\/\/www.w3.org\/2000\/svg\"><path d=\"M224.3 273l-136 136c-9.4 9.4-24.6 9.4-33.9 0l-22.6-22.6c-9.4-9.4-9.4-24.6 0-33.9l96.4-96.4-96.4-96.4c-9.4-9.4-9.4-24.6 0-33.9L54.3 103c9.4-9.4 24.6-9.4 33.9 0l136 136c9.5 9.4 9.5 24.6.1 34z\"><\/path><\/svg>\t\t\t\t\t\t<\/span>\n\t\t\t\t\t\t\t\t\t\t<span class=\"elementor-icon-list-text\">Cash Flow &amp; Treasury Management<\/span>\n\t\t\t\t\t\t\t\t\t\t\t<\/a>\n\t\t\t\t\t\t\t\t\t<\/li>\n\t\t\t\t\t\t\t\t<li class=\"elementor-icon-list-item\">\n\t\t\t\t\t\t\t\t\t\t\t<a href=\"https:\/\/nerviafinance.com\/en\/cfo-externo-controller-externo\/\">\n\n\t\t\t\t\t\t\t\t\t\t\t\t<span class=\"elementor-icon-list-icon\">\n\t\t\t\t\t\t\t<svg aria-hidden=\"true\" class=\"e-font-icon-svg e-fas-angle-right\" viewbox=\"0 0 256 512\" xmlns=\"http:\/\/www.w3.org\/2000\/svg\"><path d=\"M224.3 273l-136 136c-9.4 9.4-24.6 9.4-33.9 0l-22.6-22.6c-9.4-9.4-9.4-24.6 0-33.9l96.4-96.4-96.4-96.4c-9.4-9.4-9.4-24.6 0-33.9L54.3 103c9.4-9.4 24.6-9.4 33.9 0l136 136c9.5 9.4 9.5 24.6.1 34z\"><\/path><\/svg>\t\t\t\t\t\t<\/span>\n\t\t\t\t\t\t\t\t\t\t<span class=\"elementor-icon-list-text\">Fractional CFO \/ Controller Services<\/span>\n\t\t\t\t\t\t\t\t\t\t\t<\/a>\n\t\t\t\t\t\t\t\t\t<\/li>\n\t\t\t\t\t\t<\/ul>\n\t\t\t\t\t\t<\/div>\n\t\t\t\t<\/div>\n\t\t<div class=\"elementor-element elementor-element-2d06148c e-con-full e-flex e-con e-child\" data-id=\"2d06148c\" data-element_type=\"container\" data-settings=\"{&quot;background_background&quot;:&quot;classic&quot;}\">\n\t\t\t\t<div class=\"elementor-element elementor-element-31604d20 elementor-widget elementor-widget-heading\" data-id=\"31604d20\" data-element_type=\"widget\" data-widget_type=\"heading.default\">\n\t\t\t\t\t<h4 class=\"elementor-heading-title elementor-size-default\">Let\u2019s talk about the future of your company.<\/h4>\t\t\t\t<\/div>\n\t\t\t\t<div class=\"elementor-element elementor-element-68a27020 elementor-align-center elementor-widget elementor-widget-button\" data-id=\"68a27020\" data-element_type=\"widget\" data-widget_type=\"button.default\">\n\t\t\t\t\t\t\t\t\t\t<a class=\"elementor-button elementor-button-link elementor-size-sm elementor-animation-float\" href=\"#\">\n\t\t\t\t\t\t<span class=\"elementor-button-content-wrapper\">\n\t\t\t\t\t\t<span class=\"elementor-button-icon\">\n\t\t\t\t<svg aria-hidden=\"true\" class=\"e-font-icon-svg e-fas-arrow-right\" viewbox=\"0 0 448 512\" xmlns=\"http:\/\/www.w3.org\/2000\/svg\"><path d=\"M190.5 66.9l22.2-22.2c9.4-9.4 24.6-9.4 33.9 0L441 239c9.4 9.4 9.4 24.6 0 33.9L246.6 467.3c-9.4 9.4-24.6 9.4-33.9 0l-22.2-22.2c-9.5-9.5-9.3-25 .4-34.3L311.4 296H24c-13.3 0-24-10.7-24-24v-32c0-13.3 10.7-24 24-24h287.4L190.9 101.2c-9.8-9.3-10-24.8-.4-34.3z\"><\/path><\/svg>\t\t\t<\/span>\n\t\t\t\t\t\t\t\t\t<span class=\"elementor-button-text\">CONTACT US<\/span>\n\t\t\t\t\t<\/span>\n\t\t\t\t\t<\/a>\n\t\t\t\t\t\t\t\t<\/div>\n\t\t\t\t<\/div>\n\t\t\t\t<\/div>\n\t\t\t\t\t<\/div>\n\t\t\t\t<\/div>\n\t\t\t\t<\/div>","protected":false},"excerpt":{"rendered":"<p>Planificaci\u00f3n financiera y presupuestaci\u00f3n Inicio \/ Planificaci\u00f3n financiera y presupuestaci\u00f3n An\u00e1lisis integral para decisiones estrat\u00e9gicas Una adecuada planificacio\u0301n financiera es la base para garantizar la estabilidad y el crecimiento empresarial. En Nervia disen\u0303amos presupuestos anuales y modelos de previsio\u0301n a largo plazo, que integran tanto los objetivos estrate\u0301gicos de la compan\u0303i\u0301a como las realidades de [&hellip;]<\/p>","protected":false},"author":2,"featured_media":0,"parent":0,"menu_order":0,"comment_status":"closed","ping_status":"closed","template":"elementor_header_footer","meta":{"footnotes":""},"class_list":["post-62","page","type-page","status-publish","hentry"],"yoast_head":"<!-- This site is optimized with the Yoast SEO plugin v25.8 - https:\/\/yoast.com\/wordpress\/plugins\/seo\/ -->\n<title>Planificaci\u00f3n financiera y presupuestaci\u00f3n - Nervia Finance<\/title>\n<meta name=\"robots\" content=\"index, follow, max-snippet:-1, max-image-preview:large, max-video-preview:-1\" \/>\n<link rel=\"canonical\" href=\"https:\/\/nerviafinance.com\/en\/planificacion-financiera-y-presupuestacion\/\" \/>\n<meta property=\"og:locale\" content=\"en_GB\" \/>\n<meta property=\"og:type\" content=\"article\" \/>\n<meta property=\"og:title\" content=\"Planificaci\u00f3n financiera y presupuestaci\u00f3n - Nervia Finance\" \/>\n<meta property=\"og:description\" content=\"Planificaci\u00f3n financiera y presupuestaci\u00f3n Inicio \/ Planificaci\u00f3n financiera y presupuestaci\u00f3n An\u00e1lisis integral para decisiones estrat\u00e9gicas Una adecuada planificacio\u0301n financiera es la base para garantizar la estabilidad y el crecimiento empresarial. En Nervia disen\u0303amos presupuestos anuales y modelos de previsio\u0301n a largo plazo, que integran tanto los objetivos estrate\u0301gicos de la compan\u0303i\u0301a como las realidades de [&hellip;]\" \/>\n<meta property=\"og:url\" content=\"https:\/\/nerviafinance.com\/en\/planificacion-financiera-y-presupuestacion\/\" \/>\n<meta property=\"og:site_name\" content=\"Nervia Finance\" \/>\n<meta property=\"article:modified_time\" content=\"2025-10-07T15:48:32+00:00\" \/>\n<meta name=\"twitter:card\" content=\"summary_large_image\" \/>\n<meta name=\"twitter:label1\" content=\"Estimated reading time\" \/>\n\t<meta name=\"twitter:data1\" content=\"1 minute\" \/>\n<script type=\"application\/ld+json\" class=\"yoast-schema-graph\">{\"@context\":\"https:\/\/schema.org\",\"@graph\":[{\"@type\":\"WebPage\",\"@id\":\"https:\/\/nerviafinance.com\/planificacion-financiera-y-presupuestacion\/\",\"url\":\"https:\/\/nerviafinance.com\/planificacion-financiera-y-presupuestacion\/\",\"name\":\"Planificaci\u00f3n financiera y presupuestaci\u00f3n - Nervia Finance\",\"isPartOf\":{\"@id\":\"https:\/\/nerviafinance.com\/#website\"},\"datePublished\":\"2025-09-09T15:08:37+00:00\",\"dateModified\":\"2025-10-07T15:48:32+00:00\",\"breadcrumb\":{\"@id\":\"https:\/\/nerviafinance.com\/planificacion-financiera-y-presupuestacion\/#breadcrumb\"},\"inLanguage\":\"en-GB\",\"potentialAction\":[{\"@type\":\"ReadAction\",\"target\":[\"https:\/\/nerviafinance.com\/planificacion-financiera-y-presupuestacion\/\"]}]},{\"@type\":\"BreadcrumbList\",\"@id\":\"https:\/\/nerviafinance.com\/planificacion-financiera-y-presupuestacion\/#breadcrumb\",\"itemListElement\":[{\"@type\":\"ListItem\",\"position\":1,\"name\":\"Portada\",\"item\":\"https:\/\/nerviafinance.com\/\"},{\"@type\":\"ListItem\",\"position\":2,\"name\":\"Planificaci\u00f3n financiera y presupuestaci\u00f3n\"}]},{\"@type\":\"WebSite\",\"@id\":\"https:\/\/nerviafinance.com\/#website\",\"url\":\"https:\/\/nerviafinance.com\/\",\"name\":\"Nervia Finance\",\"description\":\"\",\"publisher\":{\"@id\":\"https:\/\/nerviafinance.com\/#organization\"},\"potentialAction\":[{\"@type\":\"SearchAction\",\"target\":{\"@type\":\"EntryPoint\",\"urlTemplate\":\"https:\/\/nerviafinance.com\/?s={search_term_string}\"},\"query-input\":{\"@type\":\"PropertyValueSpecification\",\"valueRequired\":true,\"valueName\":\"search_term_string\"}}],\"inLanguage\":\"en-GB\"},{\"@type\":\"Organization\",\"@id\":\"https:\/\/nerviafinance.com\/#organization\",\"name\":\"Nervia Finance\",\"url\":\"https:\/\/nerviafinance.com\/\",\"logo\":{\"@type\":\"ImageObject\",\"inLanguage\":\"en-GB\",\"@id\":\"https:\/\/nerviafinance.com\/#\/schema\/logo\/image\/\",\"url\":\"https:\/\/nerviafinance.com\/wp-content\/uploads\/2025\/09\/nevia-finance-full@3x.png\",\"contentUrl\":\"https:\/\/nerviafinance.com\/wp-content\/uploads\/2025\/09\/nevia-finance-full@3x.png\",\"width\":525,\"height\":346,\"caption\":\"Nervia Finance\"},\"image\":{\"@id\":\"https:\/\/nerviafinance.com\/#\/schema\/logo\/image\/\"}}]}<\/script>\n<!-- \/ Yoast SEO plugin. -->","yoast_head_json":{"title":"Planificaci\u00f3n financiera y presupuestaci\u00f3n - Nervia Finance","robots":{"index":"index","follow":"follow","max-snippet":"max-snippet:-1","max-image-preview":"max-image-preview:large","max-video-preview":"max-video-preview:-1"},"canonical":"https:\/\/nerviafinance.com\/en\/planificacion-financiera-y-presupuestacion\/","og_locale":"en_GB","og_type":"article","og_title":"Planificaci\u00f3n financiera y presupuestaci\u00f3n - Nervia Finance","og_description":"Planificaci\u00f3n financiera y presupuestaci\u00f3n Inicio \/ Planificaci\u00f3n financiera y presupuestaci\u00f3n An\u00e1lisis integral para decisiones estrat\u00e9gicas Una adecuada planificacio\u0301n financiera es la base para garantizar la estabilidad y el crecimiento empresarial. En Nervia disen\u0303amos presupuestos anuales y modelos de previsio\u0301n a largo plazo, que integran tanto los objetivos estrate\u0301gicos de la compan\u0303i\u0301a como las realidades de [&hellip;]","og_url":"https:\/\/nerviafinance.com\/en\/planificacion-financiera-y-presupuestacion\/","og_site_name":"Nervia Finance","article_modified_time":"2025-10-07T15:48:32+00:00","twitter_card":"summary_large_image","twitter_misc":{"Estimated reading time":"1 minute"},"schema":{"@context":"https:\/\/schema.org","@graph":[{"@type":"WebPage","@id":"https:\/\/nerviafinance.com\/planificacion-financiera-y-presupuestacion\/","url":"https:\/\/nerviafinance.com\/planificacion-financiera-y-presupuestacion\/","name":"Planificaci\u00f3n financiera y presupuestaci\u00f3n - Nervia Finance","isPartOf":{"@id":"https:\/\/nerviafinance.com\/#website"},"datePublished":"2025-09-09T15:08:37+00:00","dateModified":"2025-10-07T15:48:32+00:00","breadcrumb":{"@id":"https:\/\/nerviafinance.com\/planificacion-financiera-y-presupuestacion\/#breadcrumb"},"inLanguage":"en-GB","potentialAction":[{"@type":"ReadAction","target":["https:\/\/nerviafinance.com\/planificacion-financiera-y-presupuestacion\/"]}]},{"@type":"BreadcrumbList","@id":"https:\/\/nerviafinance.com\/planificacion-financiera-y-presupuestacion\/#breadcrumb","itemListElement":[{"@type":"ListItem","position":1,"name":"Portada","item":"https:\/\/nerviafinance.com\/"},{"@type":"ListItem","position":2,"name":"Planificaci\u00f3n financiera y presupuestaci\u00f3n"}]},{"@type":"WebSite","@id":"https:\/\/nerviafinance.com\/#website","url":"https:\/\/nerviafinance.com\/","name":"Nervia Finance","description":"","publisher":{"@id":"https:\/\/nerviafinance.com\/#organization"},"potentialAction":[{"@type":"SearchAction","target":{"@type":"EntryPoint","urlTemplate":"https:\/\/nerviafinance.com\/?s={search_term_string}"},"query-input":{"@type":"PropertyValueSpecification","valueRequired":true,"valueName":"search_term_string"}}],"inLanguage":"en-GB"},{"@type":"Organization","@id":"https:\/\/nerviafinance.com\/#organization","name":"Nervia Finance","url":"https:\/\/nerviafinance.com\/","logo":{"@type":"ImageObject","inLanguage":"en-GB","@id":"https:\/\/nerviafinance.com\/#\/schema\/logo\/image\/","url":"https:\/\/nerviafinance.com\/wp-content\/uploads\/2025\/09\/nevia-finance-full@3x.png","contentUrl":"https:\/\/nerviafinance.com\/wp-content\/uploads\/2025\/09\/nevia-finance-full@3x.png","width":525,"height":346,"caption":"Nervia Finance"},"image":{"@id":"https:\/\/nerviafinance.com\/#\/schema\/logo\/image\/"}}]}},"_links":{"self":[{"href":"https:\/\/nerviafinance.com\/en\/wp-json\/wp\/v2\/pages\/62","targetHints":{"allow":["GET"]}}],"collection":[{"href":"https:\/\/nerviafinance.com\/en\/wp-json\/wp\/v2\/pages"}],"about":[{"href":"https:\/\/nerviafinance.com\/en\/wp-json\/wp\/v2\/types\/page"}],"author":[{"embeddable":true,"href":"https:\/\/nerviafinance.com\/en\/wp-json\/wp\/v2\/users\/2"}],"replies":[{"embeddable":true,"href":"https:\/\/nerviafinance.com\/en\/wp-json\/wp\/v2\/comments?post=62"}],"version-history":[{"count":16,"href":"https:\/\/nerviafinance.com\/en\/wp-json\/wp\/v2\/pages\/62\/revisions"}],"predecessor-version":[{"id":392,"href":"https:\/\/nerviafinance.com\/en\/wp-json\/wp\/v2\/pages\/62\/revisions\/392"}],"wp:attachment":[{"href":"https:\/\/nerviafinance.com\/en\/wp-json\/wp\/v2\/media?parent=62"}],"curies":[{"name":"wp","href":"https:\/\/api.w.org\/{rel}","templated":true}]}}