{"id":68,"date":"2025-09-09T17:10:26","date_gmt":"2025-09-09T15:10:26","guid":{"rendered":"https:\/\/nerviafinance.com\/?page_id=68"},"modified":"2025-10-07T17:37:46","modified_gmt":"2025-10-07T15:37:46","slug":"gestion-de-cash-flow-y-tesoreria","status":"publish","type":"page","link":"https:\/\/nerviafinance.com\/en\/gestion-de-cash-flow-y-tesoreria\/","title":{"rendered":"Cash Flow &amp; Treasury Management"},"content":{"rendered":"<div data-elementor-type=\"wp-page\" data-elementor-id=\"68\" class=\"elementor elementor-68\" data-elementor-post-type=\"page\">\n\t\t\t\t<div class=\"elementor-element elementor-element-6a32c873 e-flex e-con-boxed e-con e-parent\" data-id=\"6a32c873\" data-element_type=\"container\" data-settings=\"{&quot;background_background&quot;:&quot;classic&quot;}\">\n\t\t\t\t\t<div class=\"e-con-inner\">\n\t\t\t\t<div class=\"elementor-element elementor-element-537a8b0b elementor-widget elementor-widget-heading\" data-id=\"537a8b0b\" data-element_type=\"widget\" data-widget_type=\"heading.default\">\n\t\t\t\t\t<h2 class=\"elementor-heading-title elementor-size-default\">Cash Flow &amp; Treasury Management<\/h2>\t\t\t\t<\/div>\n\t\t\t\t<div class=\"elementor-element elementor-element-6f62c4cf elementor-widget elementor-widget-text-editor\" data-id=\"6f62c4cf\" data-element_type=\"widget\" data-widget_type=\"text-editor.default\">\n\t\t\t\t\t\t\t\t\t<p><a href=\"https:\/\/nerviafinance.com\/en\/\">Home<\/a> \/ Cash Flow &amp; Treasury Management<\/p>\t\t\t\t\t\t\t\t<\/div>\n\t\t\t\t\t<\/div>\n\t\t\t\t<\/div>\n\t\t<div class=\"elementor-element elementor-element-786128eb e-flex e-con-boxed e-con e-parent\" data-id=\"786128eb\" data-element_type=\"container\">\n\t\t\t\t\t<div class=\"e-con-inner\">\n\t\t<div class=\"elementor-element elementor-element-4c7a87f3 e-con-full e-flex e-con e-child\" data-id=\"4c7a87f3\" data-element_type=\"container\">\n\t\t\t\t<div class=\"elementor-element elementor-element-3896f3b3 elementor-widget elementor-widget-heading\" data-id=\"3896f3b3\" data-element_type=\"widget\" data-widget_type=\"heading.default\">\n\t\t\t\t\t<h3 class=\"elementor-heading-title elementor-size-default\">Cash is king<\/h3>\t\t\t\t<\/div>\n\t\t\t\t<div class=\"elementor-element elementor-element-670a5efd elementor-widget elementor-widget-text-editor\" data-id=\"670a5efd\" data-element_type=\"widget\" data-widget_type=\"text-editor.default\">\n\t\t\t\t\t\t\t\t\t<div class=\"page\" title=\"Page 4\"><div class=\"layoutArea\"><div class=\"column\"><div class=\"page\" title=\"Page 7\"><div class=\"layoutArea\"><div class=\"column\"><p>We model cash flows to anticipate liquidity pressures, ensuring financial stability and optimizing the return on surplus funds.<\/p><\/div><\/div><\/div><\/div><\/div><\/div>\t\t\t\t\t\t\t\t<\/div>\n\t\t\t\t<div class=\"elementor-element elementor-element-78417cdb elementor-widget elementor-widget-heading\" data-id=\"78417cdb\" data-element_type=\"widget\" data-widget_type=\"heading.default\">\n\t\t\t\t\t<h4 class=\"elementor-heading-title elementor-size-default\">Our services include:<\/h4>\t\t\t\t<\/div>\n\t\t\t\t<div class=\"elementor-element elementor-element-7db0d67d elementor-icon-list--layout-traditional elementor-list-item-link-full_width elementor-widget elementor-widget-icon-list\" data-id=\"7db0d67d\" data-element_type=\"widget\" data-widget_type=\"icon-list.default\">\n\t\t\t\t\t\t\t<ul class=\"elementor-icon-list-items\">\n\t\t\t\t\t\t\t<li class=\"elementor-icon-list-item\">\n\t\t\t\t\t\t\t\t\t\t\t<span class=\"elementor-icon-list-icon\">\n\t\t\t\t\t\t\t<i aria-hidden=\"true\" class=\"icon icon-check\"><\/i>\t\t\t\t\t\t<\/span>\n\t\t\t\t\t\t\t\t\t\t<span class=\"elementor-icon-list-text\">Developing cash flow statements tailored to the company\u2019s operations.<\/span>\n\t\t\t\t\t\t\t\t\t<\/li>\n\t\t\t\t\t\t\t\t<li class=\"elementor-icon-list-item\">\n\t\t\t\t\t\t\t\t\t\t\t<span class=\"elementor-icon-list-icon\">\n\t\t\t\t\t\t\t<i aria-hidden=\"true\" class=\"icon icon-check\"><\/i>\t\t\t\t\t\t<\/span>\n\t\t\t\t\t\t\t\t\t\t<span class=\"elementor-icon-list-text\">Providing monthly reports on overdue client debt.<\/span>\n\t\t\t\t\t\t\t\t\t<\/li>\n\t\t\t\t\t\t\t\t<li class=\"elementor-icon-list-item\">\n\t\t\t\t\t\t\t\t\t\t\t<span class=\"elementor-icon-list-icon\">\n\t\t\t\t\t\t\t<i aria-hidden=\"true\" class=\"icon icon-check\"><\/i>\t\t\t\t\t\t<\/span>\n\t\t\t\t\t\t\t\t\t\t<span class=\"elementor-icon-list-text\">Conducting liquidity risk analysis and designing contingency plans.<\/span>\n\t\t\t\t\t\t\t\t\t<\/li>\n\t\t\t\t\t\t\t\t<li class=\"elementor-icon-list-item\">\n\t\t\t\t\t\t\t\t\t\t\t<span class=\"elementor-icon-list-icon\">\n\t\t\t\t\t\t\t<i aria-hidden=\"true\" class=\"icon icon-check\"><\/i>\t\t\t\t\t\t<\/span>\n\t\t\t\t\t\t\t\t\t\t<span class=\"elementor-icon-list-text\">Identifying investment opportunities for surplus cash.<\/span>\n\t\t\t\t\t\t\t\t\t<\/li>\n\t\t\t\t\t\t<\/ul>\n\t\t\t\t\t\t<\/div>\n\t\t\t\t<div class=\"elementor-element elementor-element-3ec31556 elementor-widget elementor-widget-text-editor\" data-id=\"3ec31556\" data-element_type=\"widget\" data-widget_type=\"text-editor.default\">\n\t\t\t\t\t\t\t\t\t<div class=\"page\" title=\"Page 4\"><div class=\"layoutArea\"><div class=\"column\"><div class=\"page\" title=\"Page 4\"><div class=\"layoutArea\"><div class=\"column\"><div class=\"page\" title=\"Page 7\"><div class=\"layoutArea\"><div class=\"column\"><p>The distinctive value of Nervia lies in the use of financial modeling to build a robust and effective cash flow system, enabling full control over treasury management.<\/p><\/div><\/div><\/div><\/div><\/div><\/div><\/div><\/div><\/div>\t\t\t\t\t\t\t\t<\/div>\n\t\t\t\t<div class=\"elementor-element elementor-element-4cb8b9a7 elementor-widget elementor-widget-text-editor\" data-id=\"4cb8b9a7\" data-element_type=\"widget\" data-widget_type=\"text-editor.default\">\n\t\t\t\t\t\t\t\t\t<div class=\"page\" title=\"Page 4\"><div class=\"layoutArea\"><div class=\"column\"><div class=\"page\" title=\"Page 4\"><div class=\"layoutArea\"><div class=\"column\"><div class=\"page\" title=\"Page 4\"><div class=\"layoutArea\"><div class=\"column\"><div class=\"page\" title=\"Page 7\"><div class=\"layoutArea\"><div class=\"column\"><p>With solid cash flow management, your company can plan investments, access better financing, and reduce liquidity risks.<\/p><\/div><\/div><\/div><\/div><\/div><\/div><\/div><\/div><\/div><\/div><\/div><\/div>\t\t\t\t\t\t\t\t<\/div>\n\t\t\t\t<\/div>\n\t\t<div class=\"elementor-element elementor-element-36ad4954 e-con-full e-flex e-con e-child\" data-id=\"36ad4954\" data-element_type=\"container\">\n\t\t<div class=\"elementor-element elementor-element-2838aafe e-con-full e-flex e-con e-child\" data-id=\"2838aafe\" data-element_type=\"container\" data-settings=\"{&quot;background_background&quot;:&quot;classic&quot;}\">\n\t\t\t\t<div class=\"elementor-element elementor-element-79cda1aa elementor-widget elementor-widget-heading\" data-id=\"79cda1aa\" data-element_type=\"widget\" data-widget_type=\"heading.default\">\n\t\t\t\t\t<h4 class=\"elementor-heading-title elementor-size-default\">OTHER SERVICES<\/h4>\t\t\t\t<\/div>\n\t\t\t\t<div class=\"elementor-element elementor-element-31ae7ba elementor-icon-list--layout-traditional elementor-list-item-link-full_width elementor-widget elementor-widget-icon-list\" data-id=\"31ae7ba\" data-element_type=\"widget\" data-widget_type=\"icon-list.default\">\n\t\t\t\t\t\t\t<ul class=\"elementor-icon-list-items\">\n\t\t\t\t\t\t\t<li class=\"elementor-icon-list-item\">\n\t\t\t\t\t\t\t\t\t\t\t<a href=\"https:\/\/nerviafinance.com\/en\/analisis-integral-y-optimizacion-de-procesos\/\">\n\n\t\t\t\t\t\t\t\t\t\t\t\t<span class=\"elementor-icon-list-icon\">\n\t\t\t\t\t\t\t<svg aria-hidden=\"true\" class=\"e-font-icon-svg e-fas-angle-right\" viewbox=\"0 0 256 512\" xmlns=\"http:\/\/www.w3.org\/2000\/svg\"><path d=\"M224.3 273l-136 136c-9.4 9.4-24.6 9.4-33.9 0l-22.6-22.6c-9.4-9.4-9.4-24.6 0-33.9l96.4-96.4-96.4-96.4c-9.4-9.4-9.4-24.6 0-33.9L54.3 103c9.4-9.4 24.6-9.4 33.9 0l136 136c9.5 9.4 9.5 24.6.1 34z\"><\/path><\/svg>\t\t\t\t\t\t<\/span>\n\t\t\t\t\t\t\t\t\t\t<span class=\"elementor-icon-list-text\">Integrated Analysis &amp; Process Optimization<\/span>\n\t\t\t\t\t\t\t\t\t\t\t<\/a>\n\t\t\t\t\t\t\t\t\t<\/li>\n\t\t\t\t\t\t\t\t<li class=\"elementor-icon-list-item\">\n\t\t\t\t\t\t\t\t\t\t\t<a href=\"https:\/\/nerviafinance.com\/en\/consultoria-estrategica\/\">\n\n\t\t\t\t\t\t\t\t\t\t\t\t<span class=\"elementor-icon-list-icon\">\n\t\t\t\t\t\t\t<svg aria-hidden=\"true\" class=\"e-font-icon-svg e-fas-angle-right\" viewbox=\"0 0 256 512\" xmlns=\"http:\/\/www.w3.org\/2000\/svg\"><path d=\"M224.3 273l-136 136c-9.4 9.4-24.6 9.4-33.9 0l-22.6-22.6c-9.4-9.4-9.4-24.6 0-33.9l96.4-96.4-96.4-96.4c-9.4-9.4-9.4-24.6 0-33.9L54.3 103c9.4-9.4 24.6-9.4 33.9 0l136 136c9.5 9.4 9.5 24.6.1 34z\"><\/path><\/svg>\t\t\t\t\t\t<\/span>\n\t\t\t\t\t\t\t\t\t\t<span class=\"elementor-icon-list-text\">Strategic Consulting<\/span>\n\t\t\t\t\t\t\t\t\t\t\t<\/a>\n\t\t\t\t\t\t\t\t\t<\/li>\n\t\t\t\t\t\t\t\t<li class=\"elementor-icon-list-item\">\n\t\t\t\t\t\t\t\t\t\t\t<a href=\"https:\/\/nerviafinance.com\/en\/controlling-y-reporting-avanzado\/\">\n\n\t\t\t\t\t\t\t\t\t\t\t\t<span class=\"elementor-icon-list-icon\">\n\t\t\t\t\t\t\t<svg aria-hidden=\"true\" class=\"e-font-icon-svg e-fas-angle-right\" viewbox=\"0 0 256 512\" xmlns=\"http:\/\/www.w3.org\/2000\/svg\"><path d=\"M224.3 273l-136 136c-9.4 9.4-24.6 9.4-33.9 0l-22.6-22.6c-9.4-9.4-9.4-24.6 0-33.9l96.4-96.4-96.4-96.4c-9.4-9.4-9.4-24.6 0-33.9L54.3 103c9.4-9.4 24.6-9.4 33.9 0l136 136c9.5 9.4 9.5 24.6.1 34z\"><\/path><\/svg>\t\t\t\t\t\t<\/span>\n\t\t\t\t\t\t\t\t\t\t<span class=\"elementor-icon-list-text\">Advanced Controlling &amp; Reporting<\/span>\n\t\t\t\t\t\t\t\t\t\t\t<\/a>\n\t\t\t\t\t\t\t\t\t<\/li>\n\t\t\t\t\t\t\t\t<li class=\"elementor-icon-list-item\">\n\t\t\t\t\t\t\t\t\t\t\t<a href=\"https:\/\/nerviafinance.com\/en\/cfo-externo-controller-externo\/\">\n\n\t\t\t\t\t\t\t\t\t\t\t\t<span class=\"elementor-icon-list-icon\">\n\t\t\t\t\t\t\t<svg aria-hidden=\"true\" class=\"e-font-icon-svg e-fas-angle-right\" viewbox=\"0 0 256 512\" xmlns=\"http:\/\/www.w3.org\/2000\/svg\"><path d=\"M224.3 273l-136 136c-9.4 9.4-24.6 9.4-33.9 0l-22.6-22.6c-9.4-9.4-9.4-24.6 0-33.9l96.4-96.4-96.4-96.4c-9.4-9.4-9.4-24.6 0-33.9L54.3 103c9.4-9.4 24.6-9.4 33.9 0l136 136c9.5 9.4 9.5 24.6.1 34z\"><\/path><\/svg>\t\t\t\t\t\t<\/span>\n\t\t\t\t\t\t\t\t\t\t<span class=\"elementor-icon-list-text\">Fractional CFO \/ Controller Services<\/span>\n\t\t\t\t\t\t\t\t\t\t\t<\/a>\n\t\t\t\t\t\t\t\t\t<\/li>\n\t\t\t\t\t\t\t\t<li class=\"elementor-icon-list-item\">\n\t\t\t\t\t\t\t\t\t\t\t<a href=\"https:\/\/nerviafinance.com\/en\/planificacion-financiera-y-presupuestacion\/\">\n\n\t\t\t\t\t\t\t\t\t\t\t\t<span class=\"elementor-icon-list-icon\">\n\t\t\t\t\t\t\t<svg aria-hidden=\"true\" class=\"e-font-icon-svg e-fas-angle-right\" viewbox=\"0 0 256 512\" xmlns=\"http:\/\/www.w3.org\/2000\/svg\"><path d=\"M224.3 273l-136 136c-9.4 9.4-24.6 9.4-33.9 0l-22.6-22.6c-9.4-9.4-9.4-24.6 0-33.9l96.4-96.4-96.4-96.4c-9.4-9.4-9.4-24.6 0-33.9L54.3 103c9.4-9.4 24.6-9.4 33.9 0l136 136c9.5 9.4 9.5 24.6.1 34z\"><\/path><\/svg>\t\t\t\t\t\t<\/span>\n\t\t\t\t\t\t\t\t\t\t<span class=\"elementor-icon-list-text\">Financial Planning &amp; Budgeting<\/span>\n\t\t\t\t\t\t\t\t\t\t\t<\/a>\n\t\t\t\t\t\t\t\t\t<\/li>\n\t\t\t\t\t\t<\/ul>\n\t\t\t\t\t\t<\/div>\n\t\t\t\t<\/div>\n\t\t<div class=\"elementor-element elementor-element-1260ed2c e-con-full e-flex e-con e-child\" data-id=\"1260ed2c\" data-element_type=\"container\" data-settings=\"{&quot;background_background&quot;:&quot;classic&quot;}\">\n\t\t\t\t<div class=\"elementor-element elementor-element-5bc04c66 elementor-widget elementor-widget-heading\" data-id=\"5bc04c66\" data-element_type=\"widget\" data-widget_type=\"heading.default\">\n\t\t\t\t\t<h4 class=\"elementor-heading-title elementor-size-default\">Let\u2019s talk about the future of your company.<\/h4>\t\t\t\t<\/div>\n\t\t\t\t<div class=\"elementor-element elementor-element-6e49f88e elementor-align-center elementor-widget elementor-widget-button\" data-id=\"6e49f88e\" data-element_type=\"widget\" data-widget_type=\"button.default\">\n\t\t\t\t\t\t\t\t\t\t<a class=\"elementor-button elementor-button-link elementor-size-sm elementor-animation-float\" href=\"#\">\n\t\t\t\t\t\t<span class=\"elementor-button-content-wrapper\">\n\t\t\t\t\t\t<span class=\"elementor-button-icon\">\n\t\t\t\t<svg aria-hidden=\"true\" class=\"e-font-icon-svg e-fas-arrow-right\" viewbox=\"0 0 448 512\" xmlns=\"http:\/\/www.w3.org\/2000\/svg\"><path d=\"M190.5 66.9l22.2-22.2c9.4-9.4 24.6-9.4 33.9 0L441 239c9.4 9.4 9.4 24.6 0 33.9L246.6 467.3c-9.4 9.4-24.6 9.4-33.9 0l-22.2-22.2c-9.5-9.5-9.3-25 .4-34.3L311.4 296H24c-13.3 0-24-10.7-24-24v-32c0-13.3 10.7-24 24-24h287.4L190.9 101.2c-9.8-9.3-10-24.8-.4-34.3z\"><\/path><\/svg>\t\t\t<\/span>\n\t\t\t\t\t\t\t\t\t<span class=\"elementor-button-text\">CONTACT US<\/span>\n\t\t\t\t\t<\/span>\n\t\t\t\t\t<\/a>\n\t\t\t\t\t\t\t\t<\/div>\n\t\t\t\t<\/div>\n\t\t\t\t<\/div>\n\t\t\t\t\t<\/div>\n\t\t\t\t<\/div>\n\t\t\t\t<\/div>","protected":false},"excerpt":{"rendered":"<p>Gesti\u00f3n de cash flow y tesorer\u00eda Inicio \/ Gesti\u00f3n de cash flow y tesorer\u00eda Cash is king Modelamos flujos de tesoreri\u0301a para anticipar tensiones de liquidez, garantizando la solidez financiera, asi\u0301 como rentabilizar el excedente. Nuestros servicios abarcan: Generaci\u00f3n de flujos de caja adaptados a la empresa. Reporte mensual de deuda vencida de clientes. An\u00e1lisis [&hellip;]<\/p>","protected":false},"author":2,"featured_media":0,"parent":0,"menu_order":0,"comment_status":"closed","ping_status":"closed","template":"elementor_header_footer","meta":{"footnotes":""},"class_list":["post-68","page","type-page","status-publish","hentry"],"yoast_head":"<!-- This site is optimized with the Yoast SEO plugin v25.8 - https:\/\/yoast.com\/wordpress\/plugins\/seo\/ -->\n<title>Gesti\u00f3n de cash flow y tesorer\u00eda - Nervia Finance<\/title>\n<meta name=\"robots\" content=\"index, follow, max-snippet:-1, max-image-preview:large, max-video-preview:-1\" \/>\n<link rel=\"canonical\" href=\"https:\/\/nerviafinance.com\/en\/gestion-de-cash-flow-y-tesoreria\/\" \/>\n<meta property=\"og:locale\" content=\"en_GB\" \/>\n<meta property=\"og:type\" content=\"article\" \/>\n<meta property=\"og:title\" content=\"Gesti\u00f3n de cash flow y tesorer\u00eda - Nervia Finance\" \/>\n<meta property=\"og:description\" content=\"Gesti\u00f3n de cash flow y tesorer\u00eda Inicio \/ Gesti\u00f3n de cash flow y tesorer\u00eda Cash is king Modelamos flujos de tesoreri\u0301a para anticipar tensiones de liquidez, garantizando la solidez financiera, asi\u0301 como rentabilizar el excedente. Nuestros servicios abarcan: Generaci\u00f3n de flujos de caja adaptados a la empresa. Reporte mensual de deuda vencida de clientes. An\u00e1lisis [&hellip;]\" \/>\n<meta property=\"og:url\" content=\"https:\/\/nerviafinance.com\/en\/gestion-de-cash-flow-y-tesoreria\/\" \/>\n<meta property=\"og:site_name\" content=\"Nervia Finance\" \/>\n<meta property=\"article:modified_time\" content=\"2025-10-07T15:37:46+00:00\" \/>\n<meta name=\"twitter:card\" content=\"summary_large_image\" \/>\n<meta name=\"twitter:label1\" content=\"Estimated reading time\" \/>\n\t<meta name=\"twitter:data1\" content=\"1 minute\" \/>\n<script type=\"application\/ld+json\" class=\"yoast-schema-graph\">{\"@context\":\"https:\/\/schema.org\",\"@graph\":[{\"@type\":\"WebPage\",\"@id\":\"https:\/\/nerviafinance.com\/gestion-de-cash-flow-y-tesoreria\/\",\"url\":\"https:\/\/nerviafinance.com\/gestion-de-cash-flow-y-tesoreria\/\",\"name\":\"Gesti\u00f3n de cash flow y tesorer\u00eda - Nervia Finance\",\"isPartOf\":{\"@id\":\"https:\/\/nerviafinance.com\/#website\"},\"datePublished\":\"2025-09-09T15:10:26+00:00\",\"dateModified\":\"2025-10-07T15:37:46+00:00\",\"breadcrumb\":{\"@id\":\"https:\/\/nerviafinance.com\/gestion-de-cash-flow-y-tesoreria\/#breadcrumb\"},\"inLanguage\":\"en-GB\",\"potentialAction\":[{\"@type\":\"ReadAction\",\"target\":[\"https:\/\/nerviafinance.com\/gestion-de-cash-flow-y-tesoreria\/\"]}]},{\"@type\":\"BreadcrumbList\",\"@id\":\"https:\/\/nerviafinance.com\/gestion-de-cash-flow-y-tesoreria\/#breadcrumb\",\"itemListElement\":[{\"@type\":\"ListItem\",\"position\":1,\"name\":\"Portada\",\"item\":\"https:\/\/nerviafinance.com\/\"},{\"@type\":\"ListItem\",\"position\":2,\"name\":\"Gesti\u00f3n de cash flow y tesorer\u00eda\"}]},{\"@type\":\"WebSite\",\"@id\":\"https:\/\/nerviafinance.com\/#website\",\"url\":\"https:\/\/nerviafinance.com\/\",\"name\":\"Nervia Finance\",\"description\":\"\",\"publisher\":{\"@id\":\"https:\/\/nerviafinance.com\/#organization\"},\"potentialAction\":[{\"@type\":\"SearchAction\",\"target\":{\"@type\":\"EntryPoint\",\"urlTemplate\":\"https:\/\/nerviafinance.com\/?s={search_term_string}\"},\"query-input\":{\"@type\":\"PropertyValueSpecification\",\"valueRequired\":true,\"valueName\":\"search_term_string\"}}],\"inLanguage\":\"en-GB\"},{\"@type\":\"Organization\",\"@id\":\"https:\/\/nerviafinance.com\/#organization\",\"name\":\"Nervia Finance\",\"url\":\"https:\/\/nerviafinance.com\/\",\"logo\":{\"@type\":\"ImageObject\",\"inLanguage\":\"en-GB\",\"@id\":\"https:\/\/nerviafinance.com\/#\/schema\/logo\/image\/\",\"url\":\"https:\/\/nerviafinance.com\/wp-content\/uploads\/2025\/09\/nevia-finance-full@3x.png\",\"contentUrl\":\"https:\/\/nerviafinance.com\/wp-content\/uploads\/2025\/09\/nevia-finance-full@3x.png\",\"width\":525,\"height\":346,\"caption\":\"Nervia Finance\"},\"image\":{\"@id\":\"https:\/\/nerviafinance.com\/#\/schema\/logo\/image\/\"}}]}<\/script>\n<!-- \/ Yoast SEO plugin. -->","yoast_head_json":{"title":"Gesti\u00f3n de cash flow y tesorer\u00eda - Nervia Finance","robots":{"index":"index","follow":"follow","max-snippet":"max-snippet:-1","max-image-preview":"max-image-preview:large","max-video-preview":"max-video-preview:-1"},"canonical":"https:\/\/nerviafinance.com\/en\/gestion-de-cash-flow-y-tesoreria\/","og_locale":"en_GB","og_type":"article","og_title":"Gesti\u00f3n de cash flow y tesorer\u00eda - Nervia Finance","og_description":"Gesti\u00f3n de cash flow y tesorer\u00eda Inicio \/ Gesti\u00f3n de cash flow y tesorer\u00eda Cash is king Modelamos flujos de tesoreri\u0301a para anticipar tensiones de liquidez, garantizando la solidez financiera, asi\u0301 como rentabilizar el excedente. Nuestros servicios abarcan: Generaci\u00f3n de flujos de caja adaptados a la empresa. Reporte mensual de deuda vencida de clientes. An\u00e1lisis [&hellip;]","og_url":"https:\/\/nerviafinance.com\/en\/gestion-de-cash-flow-y-tesoreria\/","og_site_name":"Nervia Finance","article_modified_time":"2025-10-07T15:37:46+00:00","twitter_card":"summary_large_image","twitter_misc":{"Estimated reading time":"1 minute"},"schema":{"@context":"https:\/\/schema.org","@graph":[{"@type":"WebPage","@id":"https:\/\/nerviafinance.com\/gestion-de-cash-flow-y-tesoreria\/","url":"https:\/\/nerviafinance.com\/gestion-de-cash-flow-y-tesoreria\/","name":"Gesti\u00f3n de cash flow y tesorer\u00eda - Nervia Finance","isPartOf":{"@id":"https:\/\/nerviafinance.com\/#website"},"datePublished":"2025-09-09T15:10:26+00:00","dateModified":"2025-10-07T15:37:46+00:00","breadcrumb":{"@id":"https:\/\/nerviafinance.com\/gestion-de-cash-flow-y-tesoreria\/#breadcrumb"},"inLanguage":"en-GB","potentialAction":[{"@type":"ReadAction","target":["https:\/\/nerviafinance.com\/gestion-de-cash-flow-y-tesoreria\/"]}]},{"@type":"BreadcrumbList","@id":"https:\/\/nerviafinance.com\/gestion-de-cash-flow-y-tesoreria\/#breadcrumb","itemListElement":[{"@type":"ListItem","position":1,"name":"Portada","item":"https:\/\/nerviafinance.com\/"},{"@type":"ListItem","position":2,"name":"Gesti\u00f3n de cash flow y tesorer\u00eda"}]},{"@type":"WebSite","@id":"https:\/\/nerviafinance.com\/#website","url":"https:\/\/nerviafinance.com\/","name":"Nervia Finance","description":"","publisher":{"@id":"https:\/\/nerviafinance.com\/#organization"},"potentialAction":[{"@type":"SearchAction","target":{"@type":"EntryPoint","urlTemplate":"https:\/\/nerviafinance.com\/?s={search_term_string}"},"query-input":{"@type":"PropertyValueSpecification","valueRequired":true,"valueName":"search_term_string"}}],"inLanguage":"en-GB"},{"@type":"Organization","@id":"https:\/\/nerviafinance.com\/#organization","name":"Nervia Finance","url":"https:\/\/nerviafinance.com\/","logo":{"@type":"ImageObject","inLanguage":"en-GB","@id":"https:\/\/nerviafinance.com\/#\/schema\/logo\/image\/","url":"https:\/\/nerviafinance.com\/wp-content\/uploads\/2025\/09\/nevia-finance-full@3x.png","contentUrl":"https:\/\/nerviafinance.com\/wp-content\/uploads\/2025\/09\/nevia-finance-full@3x.png","width":525,"height":346,"caption":"Nervia Finance"},"image":{"@id":"https:\/\/nerviafinance.com\/#\/schema\/logo\/image\/"}}]}},"_links":{"self":[{"href":"https:\/\/nerviafinance.com\/en\/wp-json\/wp\/v2\/pages\/68","targetHints":{"allow":["GET"]}}],"collection":[{"href":"https:\/\/nerviafinance.com\/en\/wp-json\/wp\/v2\/pages"}],"about":[{"href":"https:\/\/nerviafinance.com\/en\/wp-json\/wp\/v2\/types\/page"}],"author":[{"embeddable":true,"href":"https:\/\/nerviafinance.com\/en\/wp-json\/wp\/v2\/users\/2"}],"replies":[{"embeddable":true,"href":"https:\/\/nerviafinance.com\/en\/wp-json\/wp\/v2\/comments?post=68"}],"version-history":[{"count":14,"href":"https:\/\/nerviafinance.com\/en\/wp-json\/wp\/v2\/pages\/68\/revisions"}],"predecessor-version":[{"id":380,"href":"https:\/\/nerviafinance.com\/en\/wp-json\/wp\/v2\/pages\/68\/revisions\/380"}],"wp:attachment":[{"href":"https:\/\/nerviafinance.com\/en\/wp-json\/wp\/v2\/media?parent=68"}],"curies":[{"name":"wp","href":"https:\/\/api.w.org\/{rel}","templated":true}]}}